{"id":99,"date":"2019-07-16T22:21:59","date_gmt":"2019-07-16T21:21:59","guid":{"rendered":"http:\/\/aracsiref.hu\/?page_id=99"},"modified":"2020-11-11T08:41:53","modified_gmt":"2020-11-11T07:41:53","slug":"igehirdetesek","status":"publish","type":"page","link":"https:\/\/aracsiref.hu\/?page_id=99","title":{"rendered":"Igehirdet\u00e9sek"},"content":{"rendered":"\n<p> Az igehirdet\u00e9sek <strong>hangfelv\u00e9telei <\/strong>(mp3 form\u00e1tumban)  <a href=\"https:\/\/drive.google.com\/drive\/folders\/1oFr82esYYv2ClS-GY91jYk60aNSvJAOo?usp=sharing\">ide k<\/a><a rel=\"noreferrer noopener\" aria-label=\"attintva (opens in a new tab)\" href=\"https:\/\/drive.google.com\/drive\/folders\/1oFr82esYYv2ClS-GY91jYk60aNSvJAOo?usp=sharing\" target=\"_blank\">attintva<\/a> \u00e9rhet\u0151k el.<\/p>\n\n\n\n<hr class=\"wp-block-separator\"\/>\n\n\n\n<p>Az igehirdet\u00e9sek <strong>vide\u00f3 felv\u00e9telei<\/strong> <a href=\"https:\/\/docs.google.com\/document\/d\/1PWJZt7Tz5bAViXWFR230USaqpTFXcptVqVW5QI3vr-s\/edit?usp=sharing\" target=\"_blank\" rel=\"noreferrer noopener\">ide kattintva<\/a> tekinthet\u0151k meg.<\/p>\n","protected":false},"excerpt":{"rendered":"<p>Az igehirdet\u00e9sek hangfelv\u00e9telei (mp3 form\u00e1tumban) ide kattintva \u00e9rhet\u0151k el. Az igehirdet\u00e9sek vide\u00f3 felv\u00e9telei ide kattintva tekinthet\u0151k meg.<\/p>\n","protected":false},"author":2,"featured_media":0,"parent":0,"menu_order":50,"comment_status":"closed","ping_status":"closed","template":"","meta":{"_monsterinsights_skip_tracking":false,"_monsterinsights_sitenote_active":false,"_monsterinsights_sitenote_note":"","_monsterinsights_sitenote_category":0,"footnotes":""},"class_list":["post-99","page","type-page","status-publish","hentry"],"aioseo_notices":[],"_links":{"self":[{"href":"https:\/\/aracsiref.hu\/index.php?rest_route=\/wp\/v2\/pages\/99","targetHints":{"allow":["GET"]}}],"collection":[{"href":"https:\/\/aracsiref.hu\/index.php?rest_route=\/wp\/v2\/pages"}],"about":[{"href":"https:\/\/aracsiref.hu\/index.php?rest_route=\/wp\/v2\/types\/page"}],"author":[{"embeddable":true,"href":"https:\/\/aracsiref.hu\/index.php?rest_route=\/wp\/v2\/users\/2"}],"replies":[{"embeddable":true,"href":"https:\/\/aracsiref.hu\/index.php?rest_route=%2Fwp%2Fv2%2Fcomments&post=99"}],"version-history":[{"count":10,"href":"https:\/\/aracsiref.hu\/index.php?rest_route=\/wp\/v2\/pages\/99\/revisions"}],"predecessor-version":[{"id":1232,"href":"https:\/\/aracsiref.hu\/index.php?rest_route=\/wp\/v2\/pages\/99\/revisions\/1232"}],"wp:attachment":[{"href":"https:\/\/aracsiref.hu\/index.php?rest_route=%2Fwp%2Fv2%2Fmedia&parent=99"}],"curies":[{"name":"wp","href":"https:\/\/api.w.org\/{rel}","templated":true}]}}