{"id":77,"date":"2019-07-16T21:34:54","date_gmt":"2019-07-16T20:34:54","guid":{"rendered":"http:\/\/aracsiref.hu\/?page_id=77"},"modified":"2025-11-18T17:40:22","modified_gmt":"2025-11-18T16:40:22","slug":"ovodai-hirek","status":"publish","type":"page","link":"https:\/\/aracsiref.hu\/?page_id=77","title":{"rendered":"\u00d3vodai h\u00edrek"},"content":{"rendered":"\n<p><strong>Adventi \u00e1h\u00edtat \u00e9s\u00a0az els\u0151 gyertya meggy\u00fajt\u00e1sa a gy\u00fclekezet\u00a0\u00f3vod\u00e1saival<\/strong><br>November 28-\u00e1n,\u00a017 \u00f3r\u00e1t\u00f3l a templomban.<br>Igei szolg\u00e1lat: Cs\u00e1sz\u00e1r Attila lelk\u00e9sz<br>Az alkalmat k\u00f6vet\u0151en szeretetvend\u00e9gs\u00e9get tartunk a gy\u00fclekezeti h\u00e1z udvar\u00e1n.<\/p>\n\n\n\n<figure class=\"wp-block-image size-full is-resized\"><img loading=\"lazy\" decoding=\"async\" width=\"300\" height=\"168\" src=\"https:\/\/aracsiref.hu\/wp-content\/uploads\/2025\/11\/adventi-kep.jpg\" alt=\"\" class=\"wp-image-1923\" style=\"width:570px;height:auto\"\/><\/figure>\n\n\n\n<p><\/p>\n\n\n\n<p><\/p>\n\n\n\n<h2 class=\"wp-block-heading\"><\/h2>\n\n\n\n<p><strong>Tisztelettel megh\u00edvjuk \u00d6nt \u00e9s kedves csal\u00e1dj\u00e1t <\/strong><br>a 2025.12.14-\u00e9n vas\u00e1rnap 16.30-kor kezd\u0151d\u0151 <strong>kar\u00e1csonyi esem\u00e9ny\u00fcnkre<\/strong> az ar\u00e1csi reform\u00e1tus templom udvar\u00e1ra, ahol \u00e9nekl\u00e9ssel, versmond\u00e1ssal, \u00f3vod\u00e1saink \u00fcnnepi m\u0171sor\u00e1val k\u00e9sz\u00fcl\u00fcnk Krisztus Urunk sz\u00fclet\u00e9s\u00e9re.<br>Az <strong>Ar\u00e1cs\u00e9rt Alap\u00edtv\u00e1ny<\/strong> forr\u00f3 italokkal (tea, bor), az \u00fajbor\u00e1val, \u00e9s zs\u00edros keny\u00e9rrel v\u00e1rja a l\u00e1togat\u00f3kat.<br>A k\u00f6z\u00f6s asztalra s\u00f3s- \u00e9s \u00e9des apr\u00f3s\u00fctem\u00e9nyeket sz\u00edvesen fogadunk.<\/p>\n\n\n\n<p>Ez a rendezv\u00e9ny\u00fcnk is &#8220;z\u00f6ld&#8221;, azaz k\u00e9rj\u00fck, hogy k\u00f3stol\u00f3 poharat hozzanak magukkal.<br>A helysz\u00ednen 500 Ft adom\u00e1ny ellen\u00e9ben tudunk poharat biztos\u00edtani.<\/p>\n\n\n\n<figure class=\"wp-block-image size-large\"><img loading=\"lazy\" decoding=\"async\" width=\"1024\" height=\"577\" src=\"https:\/\/aracsiref.hu\/wp-content\/uploads\/2025\/11\/FB_IMG_1763462624019-1024x577.jpg\" alt=\"\" class=\"wp-image-1921\" srcset=\"https:\/\/aracsiref.hu\/wp-content\/uploads\/2025\/11\/FB_IMG_1763462624019-1024x577.jpg 1024w, https:\/\/aracsiref.hu\/wp-content\/uploads\/2025\/11\/FB_IMG_1763462624019-300x169.jpg 300w, https:\/\/aracsiref.hu\/wp-content\/uploads\/2025\/11\/FB_IMG_1763462624019-768x433.jpg 768w, https:\/\/aracsiref.hu\/wp-content\/uploads\/2025\/11\/FB_IMG_1763462624019-1536x865.jpg 1536w, https:\/\/aracsiref.hu\/wp-content\/uploads\/2025\/11\/FB_IMG_1763462624019.jpg 1640w\" sizes=\"auto, (max-width: 1024px) 100vw, 1024px\" \/><\/figure>\n","protected":false},"excerpt":{"rendered":"<p>Adventi \u00e1h\u00edtat \u00e9s\u00a0az els\u0151 gyertya meggy\u00fajt\u00e1sa a gy\u00fclekezet\u00a0\u00f3vod\u00e1saivalNovember 28-\u00e1n,\u00a017 \u00f3r\u00e1t\u00f3l a templomban.Igei szolg\u00e1lat: Cs\u00e1sz\u00e1r Attila lelk\u00e9szAz alkalmat k\u00f6vet\u0151en szeretetvend\u00e9gs\u00e9get tartunk a gy\u00fclekezeti h\u00e1z udvar\u00e1n. Tisztelettel megh\u00edvjuk \u00d6nt \u00e9s kedves csal\u00e1dj\u00e1t a 2025.12.14-\u00e9n vas\u00e1rnap 16.30-kor kezd\u0151d\u0151 kar\u00e1csonyi esem\u00e9ny\u00fcnkre az ar\u00e1csi reform\u00e1tus templom udvar\u00e1ra, ahol \u00e9nekl\u00e9ssel, versmond\u00e1ssal, \u00f3vod\u00e1saink \u00fcnnepi m\u0171sor\u00e1val k\u00e9sz\u00fcl\u00fcnk Krisztus Urunk sz\u00fclet\u00e9s\u00e9re.Az Ar\u00e1cs\u00e9rt Alap\u00edtv\u00e1ny forr\u00f3&#8230; <\/p>\n","protected":false},"author":2,"featured_media":0,"parent":46,"menu_order":-10,"comment_status":"closed","ping_status":"closed","template":"","meta":{"_monsterinsights_skip_tracking":false,"_monsterinsights_sitenote_active":false,"_monsterinsights_sitenote_note":"","_monsterinsights_sitenote_category":0,"footnotes":""},"class_list":["post-77","page","type-page","status-publish","hentry"],"aioseo_notices":[],"_links":{"self":[{"href":"https:\/\/aracsiref.hu\/index.php?rest_route=\/wp\/v2\/pages\/77","targetHints":{"allow":["GET"]}}],"collection":[{"href":"https:\/\/aracsiref.hu\/index.php?rest_route=\/wp\/v2\/pages"}],"about":[{"href":"https:\/\/aracsiref.hu\/index.php?rest_route=\/wp\/v2\/types\/page"}],"author":[{"embeddable":true,"href":"https:\/\/aracsiref.hu\/index.php?rest_route=\/wp\/v2\/users\/2"}],"replies":[{"embeddable":true,"href":"https:\/\/aracsiref.hu\/index.php?rest_route=%2Fwp%2Fv2%2Fcomments&post=77"}],"version-history":[{"count":64,"href":"https:\/\/aracsiref.hu\/index.php?rest_route=\/wp\/v2\/pages\/77\/revisions"}],"predecessor-version":[{"id":1941,"href":"https:\/\/aracsiref.hu\/index.php?rest_route=\/wp\/v2\/pages\/77\/revisions\/1941"}],"up":[{"embeddable":true,"href":"https:\/\/aracsiref.hu\/index.php?rest_route=\/wp\/v2\/pages\/46"}],"wp:attachment":[{"href":"https:\/\/aracsiref.hu\/index.php?rest_route=%2Fwp%2Fv2%2Fmedia&parent=77"}],"curies":[{"name":"wp","href":"https:\/\/api.w.org\/{rel}","templated":true}]}}