{"id":73,"date":"2019-07-16T21:32:52","date_gmt":"2019-07-16T20:32:52","guid":{"rendered":"http:\/\/aracsiref.hu\/?page_id=73"},"modified":"2025-11-18T12:28:59","modified_gmt":"2025-11-18T11:28:59","slug":"ovodai-dokumentumok","status":"publish","type":"page","link":"https:\/\/aracsiref.hu\/?page_id=73","title":{"rendered":"\u00d3vodai dokumentumok"},"content":{"rendered":"\n<p>Aktu\u00e1lis dokumentumok:<\/p>\n\n\n\n<div class=\"wp-block-file\"><a id=\"wp-block-file--media-3c3d1a20-8916-4a65-bd78-500cd2fab6ff\" href=\"https:\/\/aracsiref.hu\/wp-content\/uploads\/2025\/10\/Alapito_okirat_2017.pdf\" target=\"_blank\" rel=\"noreferrer noopener\">Alap\u00edt\u00f3 okirat<\/a><\/div>\n\n\n\n<div class=\"wp-block-file\"><a id=\"wp-block-file--media-a42ac194-6575-476e-b3a7-d77495eaea60\" href=\"https:\/\/aracsiref.hu\/wp-content\/uploads\/2025\/10\/Fenntartoi_dontes_Alapito_okirat_mod_2019.pdf\" target=\"_blank\" rel=\"noreferrer noopener\">Fenntart\u00f3i_d\u00f6nt\u00e9s_Alap\u00edt\u00f3_okirat_m\u00f3dos\u00edt\u00e1sr\u00f3l<\/a><\/div>\n\n\n\n<div class=\"wp-block-file\"><a id=\"wp-block-file--media-0fa8ab52-65ca-44e2-9f51-d17061861467\" href=\"https:\/\/aracsiref.hu\/wp-content\/uploads\/2025\/10\/Pedagogiai-Program.pdf\" target=\"_blank\" rel=\"noreferrer noopener\">Pedag\u00f3giai Program<\/a><\/div>\n\n\n\n<div class=\"wp-block-file\"><a id=\"wp-block-file--media-eb26c07d-f347-4f02-84dd-c1335da1f551\" href=\"https:\/\/aracsiref.hu\/wp-content\/uploads\/2025\/10\/SZMSZ.pdf\" target=\"_blank\" rel=\"noreferrer noopener\">SZMSZ<\/a><\/div>\n\n\n\n<div class=\"wp-block-file\"><a id=\"wp-block-file--media-7164269f-d78e-4383-a7d2-d714585aba4d\" href=\"https:\/\/aracsiref.hu\/wp-content\/uploads\/2025\/10\/SZULOI-SZERVEZET-SZMSZ.pdf\" target=\"_blank\" rel=\"noreferrer noopener\">SZ\u00dcL\u0150I SZERVEZET SZMSZ<\/a><\/div>\n\n\n\n<div class=\"wp-block-file\"><a id=\"wp-block-file--media-e1007201-bbab-4b1d-9af5-4105613d1e00\" href=\"https:\/\/aracsiref.hu\/wp-content\/uploads\/2025\/10\/Hazirend.pdf\" target=\"_blank\" rel=\"noreferrer noopener\">H\u00e1zirend<\/a><\/div>\n\n\n\n<div class=\"wp-block-file\"><a id=\"wp-block-file--media-e593ddc7-fc09-466d-af6b-1979ccf42fb0\" href=\"https:\/\/aracsiref.hu\/wp-content\/uploads\/2025\/10\/Mukodesi-Engedely.pdf\" target=\"_blank\" rel=\"noreferrer noopener\">M\u0171k\u00f6d\u00e9si Enged\u00e9ly<\/a><\/div>\n\n\n\n<div class=\"wp-block-file\"><a id=\"wp-block-file--media-6143867b-16a8-48f5-bbe1-83ad3a629fdc\" href=\"https:\/\/aracsiref.hu\/wp-content\/uploads\/2025\/10\/Mukodesi-engedely-modositasa.pdf\" target=\"_blank\" rel=\"noreferrer noopener\">M\u0171k\u00f6d\u00e9si Enged\u00e9ly m\u00f3dos\u00edt\u00e1sa<\/a><\/div>\n\n\n\n<div class=\"wp-block-file\"><a id=\"wp-block-file--media-35525da6-4b9c-4097-a69f-44950a786a00\" href=\"https:\/\/aracsiref.hu\/wp-content\/uploads\/2025\/10\/Panaszkezelesi-Szabalyzat.pdf\" target=\"_blank\" rel=\"noreferrer noopener\">Panaszkezel\u00e9si Szab\u00e1lyzat<\/a><\/div>\n\n\n\n<hr class=\"wp-block-separator has-css-opacity\"\/>\n\n\n\n<p><\/p>\n","protected":false},"excerpt":{"rendered":"<p>Aktu\u00e1lis dokumentumok:<\/p>\n","protected":false},"author":2,"featured_media":0,"parent":46,"menu_order":10,"comment_status":"closed","ping_status":"closed","template":"","meta":{"_monsterinsights_skip_tracking":false,"_monsterinsights_sitenote_active":false,"_monsterinsights_sitenote_note":"","_monsterinsights_sitenote_category":0,"footnotes":""},"class_list":["post-73","page","type-page","status-publish","hentry"],"aioseo_notices":[],"_links":{"self":[{"href":"https:\/\/aracsiref.hu\/index.php?rest_route=\/wp\/v2\/pages\/73","targetHints":{"allow":["GET"]}}],"collection":[{"href":"https:\/\/aracsiref.hu\/index.php?rest_route=\/wp\/v2\/pages"}],"about":[{"href":"https:\/\/aracsiref.hu\/index.php?rest_route=\/wp\/v2\/types\/page"}],"author":[{"embeddable":true,"href":"https:\/\/aracsiref.hu\/index.php?rest_route=\/wp\/v2\/users\/2"}],"replies":[{"embeddable":true,"href":"https:\/\/aracsiref.hu\/index.php?rest_route=%2Fwp%2Fv2%2Fcomments&post=73"}],"version-history":[{"count":35,"href":"https:\/\/aracsiref.hu\/index.php?rest_route=\/wp\/v2\/pages\/73\/revisions"}],"predecessor-version":[{"id":1920,"href":"https:\/\/aracsiref.hu\/index.php?rest_route=\/wp\/v2\/pages\/73\/revisions\/1920"}],"up":[{"embeddable":true,"href":"https:\/\/aracsiref.hu\/index.php?rest_route=\/wp\/v2\/pages\/46"}],"wp:attachment":[{"href":"https:\/\/aracsiref.hu\/index.php?rest_route=%2Fwp%2Fv2%2Fmedia&parent=73"}],"curies":[{"name":"wp","href":"https:\/\/api.w.org\/{rel}","templated":true}]}}