{"id":71,"date":"2019-07-16T21:31:58","date_gmt":"2019-07-16T20:31:58","guid":{"rendered":"http:\/\/aracsiref.hu\/?page_id=71"},"modified":"2021-03-08T20:50:55","modified_gmt":"2021-03-08T19:50:55","slug":"ovonok","status":"publish","type":"page","link":"https:\/\/aracsiref.hu\/?page_id=71","title":{"rendered":"Az \u00f3voda munkat\u00e1rsai"},"content":{"rendered":"\n<p><\/p>\n\n\n\n<div class=\"wp-block-image center\"><figure class=\"aligncenter size-large is-resized\"><img loading=\"lazy\" decoding=\"async\" src=\"https:\/\/aracsiref.hu\/wp-content\/uploads\/2020\/09\/SzabadiEdit1-scaled-e1600025823665-680x1024.jpg\" alt=\"\" class=\"wp-image-1116\" width=\"340\" height=\"512\" srcset=\"https:\/\/aracsiref.hu\/wp-content\/uploads\/2020\/09\/SzabadiEdit1-scaled-e1600025823665-680x1024.jpg 680w, https:\/\/aracsiref.hu\/wp-content\/uploads\/2020\/09\/SzabadiEdit1-scaled-e1600025823665-199x300.jpg 199w, https:\/\/aracsiref.hu\/wp-content\/uploads\/2020\/09\/SzabadiEdit1-scaled-e1600025823665-768x1157.jpg 768w, https:\/\/aracsiref.hu\/wp-content\/uploads\/2020\/09\/SzabadiEdit1-scaled-e1600025823665-1020x1536.jpg 1020w, https:\/\/aracsiref.hu\/wp-content\/uploads\/2020\/09\/SzabadiEdit1-scaled-e1600025823665-1360x2048.jpg 1360w, https:\/\/aracsiref.hu\/wp-content\/uploads\/2020\/09\/SzabadiEdit1-scaled-e1600025823665.jpg 1700w\" sizes=\"auto, (max-width: 340px) 100vw, 340px\" \/><figcaption><strong>Szabadi Edit<\/strong><br>int\u00e9zm\u00e9nyvezet\u0151-mesterpedag\u00f3gus, okleveles nevel\u00e9studom\u00e1ny szakos b\u00f6lcs\u00e9sz, oktat\u00e1smenedzsment-k\u00f6znevel\u00e9si szak\u00e9rt\u0151<\/figcaption><\/figure><\/div>\n\n\n\n<div class=\"wp-block-image center\"><figure class=\"aligncenter size-large is-resized\"><img loading=\"lazy\" decoding=\"async\" src=\"https:\/\/aracsiref.hu\/wp-content\/uploads\/2020\/09\/B\u00e1csiIstv\u00e1nn\u00e92-scaled-e1600025719598-680x1024.jpg\" alt=\"\" class=\"wp-image-1123\" width=\"340\" height=\"512\" title=\"\" srcset=\"https:\/\/aracsiref.hu\/wp-content\/uploads\/2020\/09\/B\u00e1csiIstv\u00e1nn\u00e92-scaled-e1600025719598-680x1024.jpg 680w, https:\/\/aracsiref.hu\/wp-content\/uploads\/2020\/09\/B\u00e1csiIstv\u00e1nn\u00e92-scaled-e1600025719598-199x300.jpg 199w, https:\/\/aracsiref.hu\/wp-content\/uploads\/2020\/09\/B\u00e1csiIstv\u00e1nn\u00e92-scaled-e1600025719598-768x1157.jpg 768w, https:\/\/aracsiref.hu\/wp-content\/uploads\/2020\/09\/B\u00e1csiIstv\u00e1nn\u00e92-scaled-e1600025719598-1020x1536.jpg 1020w, https:\/\/aracsiref.hu\/wp-content\/uploads\/2020\/09\/B\u00e1csiIstv\u00e1nn\u00e92-scaled-e1600025719598-1360x2048.jpg 1360w, https:\/\/aracsiref.hu\/wp-content\/uploads\/2020\/09\/B\u00e1csiIstv\u00e1nn\u00e92-scaled-e1600025719598.jpg 1700w\" sizes=\"auto, (max-width: 340px) 100vw, 340px\" \/><figcaption><strong>dr. B\u00e1csi Istv\u00e1nn\u00e9 Andrea<\/strong><br>int\u00e9zm\u00e9nyvezet\u0151 helyettes,szakvizsg\u00e1zott \u00f3vodapedag\u00f3gus<\/figcaption><\/figure><\/div>\n\n\n\n<div class=\"wp-block-image center\"><figure class=\"aligncenter size-large is-resized\"><img loading=\"lazy\" decoding=\"async\" src=\"https:\/\/aracsiref.hu\/wp-content\/uploads\/2020\/09\/BenedekTihanyiTimea2-scaled-e1600025696786-680x1024.jpg\" alt=\"\" class=\"wp-image-1124\" width=\"340\" height=\"512\" srcset=\"https:\/\/aracsiref.hu\/wp-content\/uploads\/2020\/09\/BenedekTihanyiTimea2-scaled-e1600025696786-680x1024.jpg 680w, https:\/\/aracsiref.hu\/wp-content\/uploads\/2020\/09\/BenedekTihanyiTimea2-scaled-e1600025696786-199x300.jpg 199w, https:\/\/aracsiref.hu\/wp-content\/uploads\/2020\/09\/BenedekTihanyiTimea2-scaled-e1600025696786-768x1157.jpg 768w, https:\/\/aracsiref.hu\/wp-content\/uploads\/2020\/09\/BenedekTihanyiTimea2-scaled-e1600025696786-1020x1536.jpg 1020w, https:\/\/aracsiref.hu\/wp-content\/uploads\/2020\/09\/BenedekTihanyiTimea2-scaled-e1600025696786-1360x2048.jpg 1360w, https:\/\/aracsiref.hu\/wp-content\/uploads\/2020\/09\/BenedekTihanyiTimea2-scaled-e1600025696786.jpg 1700w\" sizes=\"auto, (max-width: 340px) 100vw, 340px\" \/><figcaption><strong>Benedek-Tihanyi T\u00edmea<\/strong><br>\u00f3vodapedag\u00f3gus<\/figcaption><\/figure><\/div>\n\n\n\n<div class=\"wp-block-image center\"><figure class=\"aligncenter size-large is-resized\"><img loading=\"lazy\" decoding=\"async\" src=\"https:\/\/aracsiref.hu\/wp-content\/uploads\/2020\/09\/csVera3-scaled-e1600025660956-680x1024.jpg\" alt=\"\" class=\"wp-image-1112\" width=\"340\" height=\"512\" srcset=\"https:\/\/aracsiref.hu\/wp-content\/uploads\/2020\/09\/csVera3-scaled-e1600025660956-680x1024.jpg 680w, https:\/\/aracsiref.hu\/wp-content\/uploads\/2020\/09\/csVera3-scaled-e1600025660956-199x300.jpg 199w, https:\/\/aracsiref.hu\/wp-content\/uploads\/2020\/09\/csVera3-scaled-e1600025660956-768x1157.jpg 768w, https:\/\/aracsiref.hu\/wp-content\/uploads\/2020\/09\/csVera3-scaled-e1600025660956-1020x1536.jpg 1020w, https:\/\/aracsiref.hu\/wp-content\/uploads\/2020\/09\/csVera3-scaled-e1600025660956-1360x2048.jpg 1360w, https:\/\/aracsiref.hu\/wp-content\/uploads\/2020\/09\/csVera3-scaled-e1600025660956.jpg 1700w\" sizes=\"auto, (max-width: 340px) 100vw, 340px\" \/><figcaption><strong>K\u00fcrony\u00e1n\u00e9 \u00c1cs Veronika<\/strong><br>\u00f3vodapedag\u00f3gus<\/figcaption><\/figure><\/div>\n\n\n\n<div class=\"wp-block-image center\"><figure class=\"aligncenter size-large is-resized\"><img loading=\"lazy\" decoding=\"async\" src=\"https:\/\/aracsiref.hu\/wp-content\/uploads\/2020\/09\/Vn\u00e9_F_Ildik\u00f33-scaled-e1600025866331-680x1024.jpg\" alt=\"\" class=\"wp-image-1113\" width=\"340\" height=\"512\" srcset=\"https:\/\/aracsiref.hu\/wp-content\/uploads\/2020\/09\/Vn\u00e9_F_Ildik\u00f33-scaled-e1600025866331-680x1024.jpg 680w, https:\/\/aracsiref.hu\/wp-content\/uploads\/2020\/09\/Vn\u00e9_F_Ildik\u00f33-scaled-e1600025866331-199x300.jpg 199w, https:\/\/aracsiref.hu\/wp-content\/uploads\/2020\/09\/Vn\u00e9_F_Ildik\u00f33-scaled-e1600025866331-768x1157.jpg 768w, https:\/\/aracsiref.hu\/wp-content\/uploads\/2020\/09\/Vn\u00e9_F_Ildik\u00f33-scaled-e1600025866331-1020x1536.jpg 1020w, https:\/\/aracsiref.hu\/wp-content\/uploads\/2020\/09\/Vn\u00e9_F_Ildik\u00f33-scaled-e1600025866331-1360x2048.jpg 1360w, https:\/\/aracsiref.hu\/wp-content\/uploads\/2020\/09\/Vn\u00e9_F_Ildik\u00f33-scaled-e1600025866331.jpg 1700w\" sizes=\"auto, (max-width: 340px) 100vw, 340px\" \/><figcaption><strong>Varg\u00e1n\u00e9 F\u00f6ldh\u00e1zi Ildik\u00f3<\/strong><br>szakvizsg\u00e1zott \u00f3vodapedag\u00f3gus, n\u00e9pt\u00e1ncoktat\u00f3<\/figcaption><\/figure><\/div>\n\n\n\n<div class=\"wp-block-image center\"><figure class=\"aligncenter size-large is-resized\"><img loading=\"lazy\" decoding=\"async\" src=\"https:\/\/aracsiref.hu\/wp-content\/uploads\/2020\/09\/CzukeltuM\u00e1rti3-scaled-e1600025738258-680x1024.jpg\" alt=\"\" class=\"wp-image-1122\" width=\"340\" height=\"512\" srcset=\"https:\/\/aracsiref.hu\/wp-content\/uploads\/2020\/09\/CzukeltuM\u00e1rti3-scaled-e1600025738258-680x1024.jpg 680w, https:\/\/aracsiref.hu\/wp-content\/uploads\/2020\/09\/CzukeltuM\u00e1rti3-scaled-e1600025738258-199x300.jpg 199w, https:\/\/aracsiref.hu\/wp-content\/uploads\/2020\/09\/CzukeltuM\u00e1rti3-scaled-e1600025738258-768x1157.jpg 768w, https:\/\/aracsiref.hu\/wp-content\/uploads\/2020\/09\/CzukeltuM\u00e1rti3-scaled-e1600025738258-1020x1536.jpg 1020w, https:\/\/aracsiref.hu\/wp-content\/uploads\/2020\/09\/CzukeltuM\u00e1rti3-scaled-e1600025738258-1360x2048.jpg 1360w, https:\/\/aracsiref.hu\/wp-content\/uploads\/2020\/09\/CzukeltuM\u00e1rti3-scaled-e1600025738258.jpg 1700w\" sizes=\"auto, (max-width: 340px) 100vw, 340px\" \/><figcaption><strong>Czukelter M\u00e1rta<\/strong><br>magyar-m\u0171v\u00e9szettudom\u00e1ny szakos tan\u00e1r, fazekas, n\u00e9pi j\u00e1tsz\u00f3h\u00e1z vezet\u0151, \u00f3vodapedag\u00f3gus hallgat\u00f3<\/figcaption><\/figure><\/div>\n\n\n\n<div class=\"wp-block-image center\"><figure class=\"aligncenter size-large is-resized\"><img loading=\"lazy\" decoding=\"async\" src=\"https:\/\/aracsiref.hu\/wp-content\/uploads\/2020\/09\/Kissn\u00e9K\u00f6viR\u00f3zsa1-scaled-e1600025773824-680x1024.jpg\" alt=\"\" class=\"wp-image-1120\" width=\"340\" height=\"512\" srcset=\"https:\/\/aracsiref.hu\/wp-content\/uploads\/2020\/09\/Kissn\u00e9K\u00f6viR\u00f3zsa1-scaled-e1600025773824-680x1024.jpg 680w, https:\/\/aracsiref.hu\/wp-content\/uploads\/2020\/09\/Kissn\u00e9K\u00f6viR\u00f3zsa1-scaled-e1600025773824-199x300.jpg 199w, https:\/\/aracsiref.hu\/wp-content\/uploads\/2020\/09\/Kissn\u00e9K\u00f6viR\u00f3zsa1-scaled-e1600025773824-768x1157.jpg 768w, https:\/\/aracsiref.hu\/wp-content\/uploads\/2020\/09\/Kissn\u00e9K\u00f6viR\u00f3zsa1-scaled-e1600025773824-1020x1536.jpg 1020w, https:\/\/aracsiref.hu\/wp-content\/uploads\/2020\/09\/Kissn\u00e9K\u00f6viR\u00f3zsa1-scaled-e1600025773824-1360x2048.jpg 1360w, https:\/\/aracsiref.hu\/wp-content\/uploads\/2020\/09\/Kissn\u00e9K\u00f6viR\u00f3zsa1-scaled-e1600025773824.jpg 1700w\" sizes=\"auto, (max-width: 340px) 100vw, 340px\" \/><figcaption><strong>Kissn\u00e9 K\u00f6vi R\u00f3zsa<\/strong><br>pedag\u00f3giai asszisztens, n\u00e9pi iparm\u0171v\u00e9sz<\/figcaption><\/figure><\/div>\n\n\n\n<div class=\"wp-block-image center\"><figure class=\"aligncenter size-large is-resized\"><img loading=\"lazy\" decoding=\"async\" src=\"https:\/\/aracsiref.hu\/wp-content\/uploads\/2020\/09\/KocsisTimi1-680x1024.jpg\" alt=\"\" class=\"wp-image-1119\" width=\"340\" height=\"512\" srcset=\"https:\/\/aracsiref.hu\/wp-content\/uploads\/2020\/09\/KocsisTimi1-680x1024.jpg 680w, https:\/\/aracsiref.hu\/wp-content\/uploads\/2020\/09\/KocsisTimi1-199x300.jpg 199w, https:\/\/aracsiref.hu\/wp-content\/uploads\/2020\/09\/KocsisTimi1-768x1156.jpg 768w, https:\/\/aracsiref.hu\/wp-content\/uploads\/2020\/09\/KocsisTimi1-1020x1536.jpg 1020w, https:\/\/aracsiref.hu\/wp-content\/uploads\/2020\/09\/KocsisTimi1-1360x2048.jpg 1360w, https:\/\/aracsiref.hu\/wp-content\/uploads\/2020\/09\/KocsisTimi1-scaled.jpg 1700w\" sizes=\"auto, (max-width: 340px) 100vw, 340px\" \/><figcaption><strong>Kocsis T\u00edmea<\/strong><br>dajka<\/figcaption><\/figure><\/div>\n\n\n\n<div class=\"wp-block-image center\"><figure class=\"aligncenter size-large is-resized\"><img loading=\"lazy\" decoding=\"async\" src=\"https:\/\/aracsiref.hu\/wp-content\/uploads\/2020\/09\/Ocskain\u00e9_S_Orsolya2-scaled-e1600025799855-680x1024.jpg\" alt=\"\" class=\"wp-image-1118\" width=\"340\" height=\"512\" srcset=\"https:\/\/aracsiref.hu\/wp-content\/uploads\/2020\/09\/Ocskain\u00e9_S_Orsolya2-scaled-e1600025799855-680x1024.jpg 680w, https:\/\/aracsiref.hu\/wp-content\/uploads\/2020\/09\/Ocskain\u00e9_S_Orsolya2-scaled-e1600025799855-199x300.jpg 199w, https:\/\/aracsiref.hu\/wp-content\/uploads\/2020\/09\/Ocskain\u00e9_S_Orsolya2-scaled-e1600025799855-768x1157.jpg 768w, https:\/\/aracsiref.hu\/wp-content\/uploads\/2020\/09\/Ocskain\u00e9_S_Orsolya2-scaled-e1600025799855-1020x1536.jpg 1020w, https:\/\/aracsiref.hu\/wp-content\/uploads\/2020\/09\/Ocskain\u00e9_S_Orsolya2-scaled-e1600025799855-1360x2048.jpg 1360w, https:\/\/aracsiref.hu\/wp-content\/uploads\/2020\/09\/Ocskain\u00e9_S_Orsolya2-scaled-e1600025799855.jpg 1700w\" sizes=\"auto, (max-width: 340px) 100vw, 340px\" \/><figcaption><strong>Ocskain\u00e9 Steierlein Orsolya<\/strong><br>dajka<\/figcaption><\/figure><\/div>\n\n\n\n<div class=\"wp-block-image center\"><figure class=\"aligncenter size-large is-resized\"><img loading=\"lazy\" decoding=\"async\" src=\"https:\/\/aracsiref.hu\/wp-content\/uploads\/2020\/09\/SzekeresErika2_1-scaled-e1600025846103-680x1024.jpg\" alt=\"\" class=\"wp-image-1114\" width=\"340\" height=\"512\" srcset=\"https:\/\/aracsiref.hu\/wp-content\/uploads\/2020\/09\/SzekeresErika2_1-scaled-e1600025846103-680x1024.jpg 680w, https:\/\/aracsiref.hu\/wp-content\/uploads\/2020\/09\/SzekeresErika2_1-scaled-e1600025846103-199x300.jpg 199w, https:\/\/aracsiref.hu\/wp-content\/uploads\/2020\/09\/SzekeresErika2_1-scaled-e1600025846103-768x1157.jpg 768w, https:\/\/aracsiref.hu\/wp-content\/uploads\/2020\/09\/SzekeresErika2_1-scaled-e1600025846103-1020x1536.jpg 1020w, https:\/\/aracsiref.hu\/wp-content\/uploads\/2020\/09\/SzekeresErika2_1-scaled-e1600025846103-1360x2048.jpg 1360w, https:\/\/aracsiref.hu\/wp-content\/uploads\/2020\/09\/SzekeresErika2_1-scaled-e1600025846103.jpg 1700w\" sizes=\"auto, (max-width: 340px) 100vw, 340px\" \/><figcaption><strong>Szekeres Erika<\/strong><br>dajka<\/figcaption><\/figure><\/div>\n\n\n\n<div class=\"wp-block-image center\"><figure class=\"aligncenter size-large is-resized\"><img loading=\"lazy\" decoding=\"async\" src=\"https:\/\/aracsiref.hu\/wp-content\/uploads\/2020\/09\/KarlIldik\u00f32_2-scaled-e1600025754168-680x1024.jpg\" alt=\"\" class=\"wp-image-1121\" width=\"340\" height=\"512\" srcset=\"https:\/\/aracsiref.hu\/wp-content\/uploads\/2020\/09\/KarlIldik\u00f32_2-scaled-e1600025754168-680x1024.jpg 680w, https:\/\/aracsiref.hu\/wp-content\/uploads\/2020\/09\/KarlIldik\u00f32_2-scaled-e1600025754168-199x300.jpg 199w, https:\/\/aracsiref.hu\/wp-content\/uploads\/2020\/09\/KarlIldik\u00f32_2-scaled-e1600025754168-768x1157.jpg 768w, https:\/\/aracsiref.hu\/wp-content\/uploads\/2020\/09\/KarlIldik\u00f32_2-scaled-e1600025754168-1020x1536.jpg 1020w, https:\/\/aracsiref.hu\/wp-content\/uploads\/2020\/09\/KarlIldik\u00f32_2-scaled-e1600025754168-1360x2048.jpg 1360w, https:\/\/aracsiref.hu\/wp-content\/uploads\/2020\/09\/KarlIldik\u00f32_2-scaled-e1600025754168.jpg 1700w\" sizes=\"auto, (max-width: 340px) 100vw, 340px\" \/><figcaption><strong>Karl Ildik\u00f3<\/strong><br>gazdas\u00e1gi vezet\u0151, \u00f3vodatitk\u00e1r<\/figcaption><\/figure><\/div>\n\n\n\n<div class=\"wp-block-image center\"><figure class=\"aligncenter size-large is-resized\"><img loading=\"lazy\" decoding=\"async\" src=\"https:\/\/aracsiref.hu\/wp-content\/uploads\/2020\/09\/P\u00e1lfalviCsaba1-720x1024.jpg\" alt=\"\" class=\"wp-image-1117\" width=\"360\" height=\"512\" srcset=\"https:\/\/aracsiref.hu\/wp-content\/uploads\/2020\/09\/P\u00e1lfalviCsaba1-720x1024.jpg 720w, https:\/\/aracsiref.hu\/wp-content\/uploads\/2020\/09\/P\u00e1lfalviCsaba1-211x300.jpg 211w, https:\/\/aracsiref.hu\/wp-content\/uploads\/2020\/09\/P\u00e1lfalviCsaba1-768x1093.jpg 768w, https:\/\/aracsiref.hu\/wp-content\/uploads\/2020\/09\/P\u00e1lfalviCsaba1-1079x1536.jpg 1079w, https:\/\/aracsiref.hu\/wp-content\/uploads\/2020\/09\/P\u00e1lfalviCsaba1-1439x2048.jpg 1439w, https:\/\/aracsiref.hu\/wp-content\/uploads\/2020\/09\/P\u00e1lfalviCsaba1.jpg 1659w\" sizes=\"auto, (max-width: 360px) 100vw, 360px\" \/><figcaption><strong>P\u00e1lfalvi Csaba<\/strong><br>szak\u00e1cs-konyhai kiseg\u00edt\u0151<\/figcaption><\/figure><\/div>\n","protected":false},"excerpt":{"rendered":"","protected":false},"author":2,"featured_media":0,"parent":46,"menu_order":0,"comment_status":"closed","ping_status":"closed","template":"","meta":{"_monsterinsights_skip_tracking":false,"_monsterinsights_sitenote_active":false,"_monsterinsights_sitenote_note":"","_monsterinsights_sitenote_category":0,"footnotes":""},"class_list":["post-71","page","type-page","status-publish","hentry"],"aioseo_notices":[],"_links":{"self":[{"href":"https:\/\/aracsiref.hu\/index.php?rest_route=\/wp\/v2\/pages\/71","targetHints":{"allow":["GET"]}}],"collection":[{"href":"https:\/\/aracsiref.hu\/index.php?rest_route=\/wp\/v2\/pages"}],"about":[{"href":"https:\/\/aracsiref.hu\/index.php?rest_route=\/wp\/v2\/types\/page"}],"author":[{"embeddable":true,"href":"https:\/\/aracsiref.hu\/index.php?rest_route=\/wp\/v2\/users\/2"}],"replies":[{"embeddable":true,"href":"https:\/\/aracsiref.hu\/index.php?rest_route=%2Fwp%2Fv2%2Fcomments&post=71"}],"version-history":[{"count":30,"href":"https:\/\/aracsiref.hu\/index.php?rest_route=\/wp\/v2\/pages\/71\/revisions"}],"predecessor-version":[{"id":1400,"href":"https:\/\/aracsiref.hu\/index.php?rest_route=\/wp\/v2\/pages\/71\/revisions\/1400"}],"up":[{"embeddable":true,"href":"https:\/\/aracsiref.hu\/index.php?rest_route=\/wp\/v2\/pages\/46"}],"wp:attachment":[{"href":"https:\/\/aracsiref.hu\/index.php?rest_route=%2Fwp%2Fv2%2Fmedia&parent=71"}],"curies":[{"name":"wp","href":"https:\/\/api.w.org\/{rel}","templated":true}]}}