{"id":65,"date":"2019-07-16T21:22:57","date_gmt":"2019-07-16T20:22:57","guid":{"rendered":"http:\/\/aracsiref.hu\/?page_id=65"},"modified":"2019-07-25T08:53:26","modified_gmt":"2019-07-25T07:53:26","slug":"asszonykor","status":"publish","type":"page","link":"https:\/\/aracsiref.hu\/?page_id=65","title":{"rendered":"Asszonyk\u00f6r"},"content":{"rendered":"\n<p>Gy\u00fclekezet\u00fcnk asszonyai n\u00e9h\u00e1ny\n\u00e9ve minden h\u00f3nap els\u0151 cs\u00fct\u00f6rt\u00f6k\u00e9n \u00f6sszegy\u0171lnek, hogy 1-2 \u00f3r\u00e1t a mindennapokb\u00f3l\nkiszak\u00edtva, egy\u00fctt t\u00f6ltsenek. \u00d6sszej\u00f6veteleink c\u00e9lja kett\u0151s: egyr\u00e9szt\nhitben val\u00f3 helyt\u00e1ll\u00e1sunk meger\u0151s\u00edt\u00e9se \u2013 hiszen n\u0151k\u00e9nt, asszonyk\u00e9nt, anyak\u00e9nt, nagysz\u00fcl\u0151k\u00e9nt,\nemberpr\u00f3b\u00e1l\u00f3\nfeladat a csal\u00e1dunk\nhelyes \u00faton tart\u00e1sa a mai t\u00e1rsadalomban \u00e9s a mai kereszty\u00e9n\nellenes Eur\u00f3p\u00e1ban! M\u00e1sr\u00e9szt,\ngy\u00fclekezet\u00fcnk n\u0151i\nkezeket ig\u00e9nyl\u0151 feladatainak megszervez\u00e9se, \u00f6sszerendez\u00e9se. <\/p>\n\n\n\n<p>Asszonyk\u00f6r\u00fcnk seg\u00edts\u00e9g\u00e9vel\nsz\u00e1mtalan szeretetvend\u00e9gs\u00e9get rendezt\u00fcnk gy\u00fclekezeti alkalmak, evangeliz\u00e1ci\u00f3s\nestek, koncertek, ki\u00e1ll\u00edt\u00e1s megnyit\u00f3k r\u00e9szek\u00e9nt, de nem kisebb a lelkesed\u00e9s a\nfel\u00faj\u00edt\u00e1sokat k\u00f6vet\u0151, vagy\naz \u00e9ves nagytakar\u00edt\u00e1sok kapcs\u00e1n sem.&nbsp; A\ngy\u00fclekezeti hittan-t\u00e1borokban ki-ki erej\u00e9hez, lehet\u0151s\u00e9geihez \u00e9s\nidej\u00e9hez m\u00e9rten ny\u00fajt seg\u00edts\u00e9get: n\u00e9h\u00e1ny \u00e9ve h\u00e1zi eb\u00e9dhez juthatnak a gyerekek\n\u00e9s mondanom sem kell\u2026 kevesebb az \u00e9hen maradt pocak, mint kor\u00e1bban.&nbsp; <\/p>\n\n\n\n<p>A mai vil\u00e1gban j\u00f3 egy kicsit\negym\u00e1sra tal\u00e1lni, j\u00f3 meg\u00e9rezni, hogy a hasonl\u00f3 l\u00e1t\u00e1sm\u00f3d milyen nagy er\u0151t ad! J\u00f3\nmegtapasztalni, hogy mindannyian egy testnek a r\u00e9szei vagyunk: egyform\u00e1n sz\u00fcks\u00e9g van a gy\u00fclekezet mindennapi\n\u00e9let\u00e9hez minden egyes tagra, minden k\u00fcl\u00f6nb\u00f6z\u0151s\u00e9g\u00fcnk ellen\u00e9re. &nbsp;<\/p>\n\n\n\n<p>Szeretettel v\u00e1rjuk kedves asszonyt\u00e1rsainkat!<\/p>\n\n\n\n<p>Soli Deo Gloria!&nbsp;&nbsp;&nbsp;&nbsp;&nbsp;&nbsp;&nbsp;&nbsp; &#8211;&nbsp;&nbsp;&nbsp;&nbsp;&nbsp;&nbsp;&nbsp; K\u00f6sz\u00f6nt\u00e9ssel: Cs\u00e1sz\u00e1r Attil\u00e1n\u00e9<\/p>\n","protected":false},"excerpt":{"rendered":"<p>Gy\u00fclekezet\u00fcnk asszonyai n\u00e9h\u00e1ny \u00e9ve minden h\u00f3nap els\u0151 cs\u00fct\u00f6rt\u00f6k\u00e9n \u00f6sszegy\u0171lnek, hogy 1-2 \u00f3r\u00e1t a mindennapokb\u00f3l kiszak\u00edtva, egy\u00fctt t\u00f6ltsenek. \u00d6sszej\u00f6veteleink c\u00e9lja kett\u0151s: egyr\u00e9szt hitben val\u00f3 helyt\u00e1ll\u00e1sunk meger\u0151s\u00edt\u00e9se \u2013 hiszen n\u0151k\u00e9nt, asszonyk\u00e9nt, anyak\u00e9nt, nagysz\u00fcl\u0151k\u00e9nt, emberpr\u00f3b\u00e1l\u00f3 feladat a csal\u00e1dunk helyes \u00faton tart\u00e1sa a mai t\u00e1rsadalomban \u00e9s a mai kereszty\u00e9n ellenes Eur\u00f3p\u00e1ban! M\u00e1sr\u00e9szt, gy\u00fclekezet\u00fcnk n\u0151i kezeket ig\u00e9nyl\u0151 feladatainak megszervez\u00e9se, \u00f6sszerendez\u00e9se&#8230;. <\/p>\n","protected":false},"author":2,"featured_media":0,"parent":22,"menu_order":30,"comment_status":"closed","ping_status":"closed","template":"","meta":{"_monsterinsights_skip_tracking":false,"_monsterinsights_sitenote_active":false,"_monsterinsights_sitenote_note":"","_monsterinsights_sitenote_category":0,"footnotes":""},"class_list":["post-65","page","type-page","status-publish","hentry"],"aioseo_notices":[],"_links":{"self":[{"href":"https:\/\/aracsiref.hu\/index.php?rest_route=\/wp\/v2\/pages\/65","targetHints":{"allow":["GET"]}}],"collection":[{"href":"https:\/\/aracsiref.hu\/index.php?rest_route=\/wp\/v2\/pages"}],"about":[{"href":"https:\/\/aracsiref.hu\/index.php?rest_route=\/wp\/v2\/types\/page"}],"author":[{"embeddable":true,"href":"https:\/\/aracsiref.hu\/index.php?rest_route=\/wp\/v2\/users\/2"}],"replies":[{"embeddable":true,"href":"https:\/\/aracsiref.hu\/index.php?rest_route=%2Fwp%2Fv2%2Fcomments&post=65"}],"version-history":[{"count":2,"href":"https:\/\/aracsiref.hu\/index.php?rest_route=\/wp\/v2\/pages\/65\/revisions"}],"predecessor-version":[{"id":191,"href":"https:\/\/aracsiref.hu\/index.php?rest_route=\/wp\/v2\/pages\/65\/revisions\/191"}],"up":[{"embeddable":true,"href":"https:\/\/aracsiref.hu\/index.php?rest_route=\/wp\/v2\/pages\/22"}],"wp:attachment":[{"href":"https:\/\/aracsiref.hu\/index.php?rest_route=%2Fwp%2Fv2%2Fmedia&parent=65"}],"curies":[{"name":"wp","href":"https:\/\/api.w.org\/{rel}","templated":true}]}}