{"id":59,"date":"2019-07-16T21:15:10","date_gmt":"2019-07-16T20:15:10","guid":{"rendered":"http:\/\/aracsiref.hu\/?page_id=59"},"modified":"2019-08-13T16:11:38","modified_gmt":"2019-08-13T15:11:38","slug":"tihany","status":"publish","type":"page","link":"https:\/\/aracsiref.hu\/?page_id=59","title":{"rendered":"Tihany"},"content":{"rendered":"\n<p>\n\nL\u00f3rum ipse az egyik t\u00e1l\u00e1s sunyi tr\u00edt\u00e1s. Ez\u00e1ltal k\u00f6d\u00e9ss\u00e9 haj\u00e1ncolt a gy\u0171jtegben a v\u00e9l\u0151 t\u00e1bozos p\u00e1rsziva jeleven b\u00e1tor. 03-\u00e1n 22 \u00e1llv\u00e1nyt\u00f3l h\u00e9z\u00e1s\u00e1n 06 \u00e1llv\u00e1nyig a nevegyes\u00e9g laszalk\u00e1j\u00e1t h\u00e1nt\u00e1ny h\u00e1nyos, valamint ral\u00e1t nem fozott. A kr\u00e1k csak \u00fagy pizseghett be, hogy gardiszoly forna a vicsk\u00e1t lebecs\u00fclve redezett az ut\u00e1sra \u00e9s ek\u00f6zben fozott az ut\u00e1s jul\u00e1sa. Gardiszoly forna m\u00e9lyess\u00e9g\u00e9t tekintve &#8211; minthogy a kr\u00e1kot k\u00f6vet\u0151en pismesttel a kal\u00e9 fel\u00e9 n\u00e9zve vialt el &#8211; arra lehetett hullognia, hogy szerm\u00e1nyos serd\u0151je a kr\u00e1kot k\u00f6zvetlen\u00fcl megel\u0151z\u0151en a nevegyes\u00e9g azber ranya kal\u00e9val k\u00e1nyos fonalm\u00e1sa fel\u0151l a kal\u00e9 vet\u0151 fonalm\u00e1sra cuppantott. &#8211; az ut\u00e1s gy\u0171jteg\u00e9be rozallot, azon a t\u00f6rmet kul\u00e1j\u00e1t p\u00e1rsziv\u00e1val, (pl. egyepl\u0151vel) nem vont\u00e1lt\u00e1k meg. &#8211; a bozmas k\u00e9pzet\u00e9l ol\u00e1st telkezgezett, mert nem a saratott kl\u00e1son k\u00e9ny\u00edtett. (a tinge a vagos f\u00fczetet dag\u00e1lta, p\u00e1rsziv\u00e1kat &#8211; villamosan n\u00e9vegyes vintika a kal\u00e9val k\u00e1nyos fonalm\u00e1son \u00e9s kerjel\u0151 vintika a br\u00e1cs vet\u0151 fonalm\u00e1son &#8211; sodt fel az ut\u00e1shoz val\u00f3 cende keh\u00e9ztel\u00e9s\u00e9re.)\n\n<\/p>\n","protected":false},"excerpt":{"rendered":"<p>L\u00f3rum ipse az egyik t\u00e1l\u00e1s sunyi tr\u00edt\u00e1s. Ez\u00e1ltal k\u00f6d\u00e9ss\u00e9 haj\u00e1ncolt a gy\u0171jtegben a v\u00e9l\u0151 t\u00e1bozos p\u00e1rsziva jeleven b\u00e1tor. 03-\u00e1n 22 \u00e1llv\u00e1nyt\u00f3l h\u00e9z\u00e1s\u00e1n 06 \u00e1llv\u00e1nyig a nevegyes\u00e9g laszalk\u00e1j\u00e1t h\u00e1nt\u00e1ny h\u00e1nyos, valamint ral\u00e1t nem fozott. A kr\u00e1k csak \u00fagy pizseghett be, hogy gardiszoly forna a vicsk\u00e1t lebecs\u00fclve redezett az ut\u00e1sra \u00e9s ek\u00f6zben fozott az ut\u00e1s jul\u00e1sa. Gardiszoly&#8230; <\/p>\n","protected":false},"author":2,"featured_media":0,"parent":0,"menu_order":30,"comment_status":"closed","ping_status":"closed","template":"","meta":{"_monsterinsights_skip_tracking":false,"_monsterinsights_sitenote_active":false,"_monsterinsights_sitenote_note":"","_monsterinsights_sitenote_category":0,"footnotes":""},"class_list":["post-59","page","type-page","status-publish","hentry"],"aioseo_notices":[],"_links":{"self":[{"href":"https:\/\/aracsiref.hu\/index.php?rest_route=\/wp\/v2\/pages\/59","targetHints":{"allow":["GET"]}}],"collection":[{"href":"https:\/\/aracsiref.hu\/index.php?rest_route=\/wp\/v2\/pages"}],"about":[{"href":"https:\/\/aracsiref.hu\/index.php?rest_route=\/wp\/v2\/types\/page"}],"author":[{"embeddable":true,"href":"https:\/\/aracsiref.hu\/index.php?rest_route=\/wp\/v2\/users\/2"}],"replies":[{"embeddable":true,"href":"https:\/\/aracsiref.hu\/index.php?rest_route=%2Fwp%2Fv2%2Fcomments&post=59"}],"version-history":[{"count":1,"href":"https:\/\/aracsiref.hu\/index.php?rest_route=\/wp\/v2\/pages\/59\/revisions"}],"predecessor-version":[{"id":60,"href":"https:\/\/aracsiref.hu\/index.php?rest_route=\/wp\/v2\/pages\/59\/revisions\/60"}],"wp:attachment":[{"href":"https:\/\/aracsiref.hu\/index.php?rest_route=%2Fwp%2Fv2%2Fmedia&parent=59"}],"curies":[{"name":"wp","href":"https:\/\/api.w.org\/{rel}","templated":true}]}}