{"id":49,"date":"2019-07-16T21:05:54","date_gmt":"2019-07-16T20:05:54","guid":{"rendered":"http:\/\/aracsiref.hu\/?page_id=49"},"modified":"2019-11-12T20:12:56","modified_gmt":"2019-11-12T19:12:56","slug":"dokumentumok","status":"publish","type":"page","link":"https:\/\/aracsiref.hu\/?page_id=49","title":{"rendered":"Dokumentumok"},"content":{"rendered":"\n<div class=\"wp-block-file\"><a href=\"http:\/\/aracsiref.hu\/wp-content\/uploads\/2019\/11\/A-Dun\u00e1nt\u00fali-Reform\u00e1tus-Egyh\u00e1zker\u00fclet-Hivatalai-\u00e9s-Int\u00e9zm\u00e9nyei.docx\">A-Dun\u00e1nt\u00fali-Reform\u00e1tus-Egyh\u00e1zker\u00fclet-Hivatalai-\u00e9s-Int\u00e9zm\u00e9nyei <\/a><a href=\"http:\/\/aracsiref.hu\/wp-content\/uploads\/2019\/11\/A-Dun\u00e1nt\u00fali-Reform\u00e1tus-Egyh\u00e1zker\u00fclet-Hivatalai-\u00e9s-Int\u00e9zm\u00e9nyei.docx\" class=\"wp-block-file__button\" download>docx<\/a><\/div>\n\n\n\n<div class=\"wp-block-file\"><a href=\"http:\/\/aracsiref.hu\/wp-content\/uploads\/2019\/08\/MRE_torvenytar_2014_0901_allapot.pdf\">A Magyarorsz\u00e1gi Reform\u00e1tus Egyh\u00e1z T\u00f6rv\u00e9nyt\u00e1ra (2014.09.01.)<\/a><a href=\"http:\/\/aracsiref.hu\/wp-content\/uploads\/2019\/08\/MRE_torvenytar_2014_0901_allapot.pdf\" class=\"wp-block-file__button\" download>pdf<\/a><\/div>\n\n\n\n<div class=\"wp-block-file\"><a href=\"http:\/\/aracsiref.hu\/wp-content\/uploads\/2019\/08\/Ref-egyh\u00e1z-misszi\u00f3ja.pdf\">A MAGYARORSZ\u00c1GI REFORM\u00c1TUS EGYH\u00c1Z MISSZI\u00d3J\u00c1R\u00d3L<\/a><a href=\"http:\/\/aracsiref.hu\/wp-content\/uploads\/2019\/08\/Ref-egyh\u00e1z-misszi\u00f3ja.pdf\" class=\"wp-block-file__button\" download>pdf<\/a><\/div>\n\n\n\n<div class=\"wp-block-file\"><a href=\"http:\/\/aracsiref.hu\/wp-content\/uploads\/2019\/08\/Ref-egyh\u00e1zr\u00f3l-\u00e9s-szolg\u00e1lat\u00e1r\u00f3l.pdf\">A MAGYARORSZ\u00c1GI REFORM\u00c1TUS EGYH\u00c1ZR\u00d3L \u00c9S SZOLG\u00c1LAT\u00c1R\u00d3L<\/a><a href=\"http:\/\/aracsiref.hu\/wp-content\/uploads\/2019\/08\/Ref-egyh\u00e1zr\u00f3l-\u00e9s-szolg\u00e1lat\u00e1r\u00f3l.pdf\" class=\"wp-block-file__button\" download>pdf<\/a><\/div>\n\n\n\n<div class=\"wp-block-file\"><a href=\"http:\/\/aracsiref.hu\/wp-content\/uploads\/2019\/08\/FELN\u0150TTKERESZTS\u00c9GRE-\u00c9S-KONFIRM\u00c1CI\u00d3RA-FELK\u00c9SZ\u00cdT\u0150-ALAPTUDNIVAL\u00d3K.doc\">FELN\u0150TTKERESZTS\u00c9GRE-\u00c9S-KONFIRM\u00c1CI\u00d3RA-FELK\u00c9SZ\u00cdT\u0150-ALAPTUDNIVAL\u00d3K<\/a><a href=\"http:\/\/aracsiref.hu\/wp-content\/uploads\/2019\/08\/FELN\u0150TTKERESZTS\u00c9GRE-\u00c9S-KONFIRM\u00c1CI\u00d3RA-FELK\u00c9SZ\u00cdT\u0150-ALAPTUDNIVAL\u00d3K.doc\" class=\"wp-block-file__button\" download>doc<\/a><\/div>\n\n\n\n<div class=\"wp-block-file\"><a href=\"http:\/\/aracsiref.hu\/wp-content\/uploads\/2019\/08\/Szent-Fogad\u00e1s.docx\">Szent-Fogad\u00e1s<\/a><a href=\"http:\/\/aracsiref.hu\/wp-content\/uploads\/2019\/08\/Szent-Fogad\u00e1s.docx\" class=\"wp-block-file__button\" download>docx<\/a><\/div>\n\n\n\n<div class=\"wp-block-file\"><a href=\"http:\/\/aracsiref.hu\/wp-content\/uploads\/2019\/08\/Ref-egyh\u00e1zk\u00f6zs\u00e9gi-d\u00edjlev\u00e9l.pdf\">Egyh\u00e1zk\u00f6zs\u00e9gi d\u00edjlev\u00e9l<\/a><a href=\"http:\/\/aracsiref.hu\/wp-content\/uploads\/2019\/08\/Ref-egyh\u00e1zk\u00f6zs\u00e9gi-d\u00edjlev\u00e9l.pdf\" class=\"wp-block-file__button\" download>pdf<\/a><\/div>\n\n\n\n<div class=\"wp-block-file\"><a href=\"http:\/\/aracsiref.hu\/wp-content\/uploads\/2019\/08\/Lelk\u00e9szek-\u00e9s-tan\u00edt\u00f3k-n\u00e9vsora-Ar\u00e1cs.docx\">Lelk\u00e9szek-\u00e9s-tan\u00edt\u00f3k-n\u00e9vsora-Ar\u00e1cs<\/a><a href=\"http:\/\/aracsiref.hu\/wp-content\/uploads\/2019\/08\/Lelk\u00e9szek-\u00e9s-tan\u00edt\u00f3k-n\u00e9vsora-Ar\u00e1cs.docx\" class=\"wp-block-file__button\" download>docx<\/a><\/div>\n\n\n\n<p><\/p>\n","protected":false},"excerpt":{"rendered":"","protected":false},"author":2,"featured_media":0,"parent":0,"menu_order":70,"comment_status":"closed","ping_status":"closed","template":"","meta":{"_monsterinsights_skip_tracking":false,"_monsterinsights_sitenote_active":false,"_monsterinsights_sitenote_note":"","_monsterinsights_sitenote_category":0,"footnotes":""},"class_list":["post-49","page","type-page","status-publish","hentry"],"aioseo_notices":[],"_links":{"self":[{"href":"https:\/\/aracsiref.hu\/index.php?rest_route=\/wp\/v2\/pages\/49","targetHints":{"allow":["GET"]}}],"collection":[{"href":"https:\/\/aracsiref.hu\/index.php?rest_route=\/wp\/v2\/pages"}],"about":[{"href":"https:\/\/aracsiref.hu\/index.php?rest_route=\/wp\/v2\/types\/page"}],"author":[{"embeddable":true,"href":"https:\/\/aracsiref.hu\/index.php?rest_route=\/wp\/v2\/users\/2"}],"replies":[{"embeddable":true,"href":"https:\/\/aracsiref.hu\/index.php?rest_route=%2Fwp%2Fv2%2Fcomments&post=49"}],"version-history":[{"count":6,"href":"https:\/\/aracsiref.hu\/index.php?rest_route=\/wp\/v2\/pages\/49\/revisions"}],"predecessor-version":[{"id":765,"href":"https:\/\/aracsiref.hu\/index.php?rest_route=\/wp\/v2\/pages\/49\/revisions\/765"}],"wp:attachment":[{"href":"https:\/\/aracsiref.hu\/index.php?rest_route=%2Fwp%2Fv2%2Fmedia&parent=49"}],"curies":[{"name":"wp","href":"https:\/\/api.w.org\/{rel}","templated":true}]}}