{"id":46,"date":"2019-07-16T21:05:33","date_gmt":"2019-07-16T20:05:33","guid":{"rendered":"http:\/\/aracsiref.hu\/?page_id=46"},"modified":"2026-03-26T22:23:40","modified_gmt":"2026-03-26T21:23:40","slug":"csillagkert","status":"publish","type":"page","link":"https:\/\/aracsiref.hu\/?page_id=46","title":{"rendered":"Csillagkert \u00d3voda"},"content":{"rendered":"\n<p>A Balatonar\u00e1csi Reform\u00e1tus Egyh\u00e1zk\u00f6zs\u00e9g fenntart\u00e1s\u00e1ban 2017.szeptember 1-t\u0151l kezdte m\u0171k\u00f6d\u00e9s\u00e9t a Csillagkert Balatonar\u00e1csi Reform\u00e1tus \u00d3voda, melyben a Biblia tan\u00edt\u00e1s\u00e1nak szellem\u00e9ben folyik a gyermekek nevel\u00e9se. <\/p>\n\n\n<ul class=\"wp-block-page-list\"><li class=\"wp-block-pages-list__item has-child\"><a class=\"wp-block-pages-list__item__link\" href=\"https:\/\/aracsiref.hu\/?page_id=22\">R\u00f3lunk<\/a><ul class=\"wp-block-navigation__submenu-container\"><li class=\"wp-block-pages-list__item \"><a class=\"wp-block-pages-list__item__link\" href=\"https:\/\/aracsiref.hu\/?page_id=27\">A Balatonar\u00e1csi Reform\u00e1tus gy\u00fclekezet t\u00f6rt\u00e9nete<\/a><\/li><li class=\"wp-block-pages-list__item \"><a class=\"wp-block-pages-list__item__link\" href=\"https:\/\/aracsiref.hu\/?page_id=33\">El\u00e9rhet\u0151s\u00e9g<\/a><\/li><li class=\"wp-block-pages-list__item \"><a class=\"wp-block-pages-list__item__link\" href=\"https:\/\/aracsiref.hu\/?page_id=37\">Presbiterek<\/a><\/li><li class=\"wp-block-pages-list__item \"><a class=\"wp-block-pages-list__item__link\" href=\"https:\/\/aracsiref.hu\/?page_id=65\">Asszonyk\u00f6r<\/a><\/li><li class=\"wp-block-pages-list__item \"><a class=\"wp-block-pages-list__item__link\" href=\"https:\/\/aracsiref.hu\/?page_id=67\">Sz\u0151l\u0151munk\u00e1k<\/a><\/li><\/ul><\/li><li class=\"wp-block-pages-list__item has-child\"><a class=\"wp-block-pages-list__item__link\" href=\"https:\/\/aracsiref.hu\/?page_id=56\">Balatonudvari<\/a><ul class=\"wp-block-navigation__submenu-container\"><li class=\"wp-block-pages-list__item \"><a class=\"wp-block-pages-list__item__link\" href=\"https:\/\/aracsiref.hu\/?page_id=216\">A balatonudvari templom t\u00f6rt\u00e9nete<\/a><\/li><li class=\"wp-block-pages-list__item \"><a class=\"wp-block-pages-list__item__link\" href=\"https:\/\/aracsiref.hu\/?page_id=218\">El\u00e9rhet\u0151s\u00e9g<\/a><\/li><\/ul><\/li><li class=\"wp-block-pages-list__item has-child\"><a class=\"wp-block-pages-list__item__link\" href=\"https:\/\/aracsiref.hu\/?page_id=59\">Tihany<\/a><ul class=\"wp-block-navigation__submenu-container\"><li class=\"wp-block-pages-list__item \"><a class=\"wp-block-pages-list__item__link\" href=\"https:\/\/aracsiref.hu\/?page_id=220\">A tihanyi templom t\u00f6rt\u00e9nete<\/a><\/li><li class=\"wp-block-pages-list__item \"><a class=\"wp-block-pages-list__item__link\" href=\"https:\/\/aracsiref.hu\/?page_id=222\">El\u00e9rhet\u0151s\u00e9g<\/a><\/li><\/ul><\/li><li class=\"wp-block-pages-list__item has-child\"><a class=\"wp-block-pages-list__item__link\" href=\"https:\/\/aracsiref.hu\/?page_id=46\">Csillagkert \u00d3voda<\/a><ul class=\"wp-block-navigation__submenu-container\"><li class=\"wp-block-pages-list__item \"><a class=\"wp-block-pages-list__item__link\" href=\"https:\/\/aracsiref.hu\/?page_id=77\">\u00d3vodai h\u00edrek<\/a><\/li><li class=\"wp-block-pages-list__item \"><a class=\"wp-block-pages-list__item__link\" href=\"https:\/\/aracsiref.hu\/?page_id=71\">Az \u00f3voda munkat\u00e1rsai<\/a><\/li><li class=\"wp-block-pages-list__item \"><a class=\"wp-block-pages-list__item__link\" href=\"https:\/\/aracsiref.hu\/?page_id=451\">El\u00e9rhet\u0151s\u00e9g<\/a><\/li><li class=\"wp-block-pages-list__item \"><a class=\"wp-block-pages-list__item__link\" href=\"https:\/\/aracsiref.hu\/?page_id=73\">\u00d3vodai dokumentumok<\/a><\/li><li class=\"wp-block-pages-list__item \"><a class=\"wp-block-pages-list__item__link\" href=\"https:\/\/aracsiref.hu\/?page_id=75\">F\u00e9nyk\u00e9palbum<\/a><\/li><li class=\"wp-block-pages-list__item \"><a class=\"wp-block-pages-list__item__link\" href=\"https:\/\/aracsiref.hu\/?page_id=1467\">Adatv\u00e9delem<\/a><\/li><\/ul><\/li><li class=\"wp-block-pages-list__item\"><a class=\"wp-block-pages-list__item__link\" href=\"https:\/\/aracsiref.hu\/?page_id=99\">Igehirdet\u00e9sek<\/a><\/li><li class=\"wp-block-pages-list__item has-child\"><a class=\"wp-block-pages-list__item__link\" href=\"https:\/\/aracsiref.hu\/?page_id=564\">F\u00e9nyk\u00e9pek<\/a><ul class=\"wp-block-navigation__submenu-container\"><li class=\"wp-block-pages-list__item \"><a class=\"wp-block-pages-list__item__link\" href=\"https:\/\/aracsiref.hu\/?page_id=1152\">Kor\u00e1bbi \u00e9vek k\u00e9pei<\/a><\/li><li class=\"wp-block-pages-list__item \"><a class=\"wp-block-pages-list__item__link\" href=\"https:\/\/aracsiref.hu\/?page_id=1051\">Vide\u00f3k<\/a><\/li><\/ul><\/li><li class=\"wp-block-pages-list__item\"><a class=\"wp-block-pages-list__item__link\" href=\"https:\/\/aracsiref.hu\/?page_id=49\">Dokumentumok<\/a><\/li><li class=\"wp-block-pages-list__item has-child\"><a class=\"wp-block-pages-list__item__link\" href=\"https:\/\/aracsiref.hu\/?page_id=52\">P\u00e1ly\u00e1zatok<\/a><ul class=\"wp-block-navigation__submenu-container\"><li class=\"wp-block-pages-list__item \"><a class=\"wp-block-pages-list__item__link\" href=\"https:\/\/aracsiref.hu\/?page_id=140\">A  GINOP-3.3.3.-17-2019-00136  p\u00e1ly\u00e1zat alapadatai<\/a><\/li><li class=\"wp-block-pages-list__item \"><a class=\"wp-block-pages-list__item__link\" href=\"https:\/\/aracsiref.hu\/?page_id=1876\">Sajt\u00f3k\u00f6zlem\u00e9ny<\/a><\/li><\/ul><\/li><\/ul>\n\n\n<p>\u00d3vod\u00e1nk Ar\u00e1cs \u201esz\u00edv\u00e9ben\u201d egy csendes kis zs\u00e1kutc\u00e1ban, sz\u00e9p, nyugodt k\u00f6rnyezetben tal\u00e1lhat\u00f3. J\u00f3l felszerelt, fel\u00faj\u00edtott udvar fogadja a hozz\u00e1nk l\u00e1togat\u00f3kat. K\u00e9t udvarr\u00e9sz\u00fcnk van, mindkett\u0151t igyekezt\u00fcnk eszt\u00e9tikus \u00e9s biztons\u00e1gos j\u00e1t\u00e9kokkal felszerelni, melyek a gyermekek mozg\u00e1sig\u00e9ny\u00e9nek, mozg\u00e1sfejleszt\u00e9s\u00e9nek kiel\u00e9g\u00edt\u00e9s\u00e9t szolg\u00e1lj\u00e1k. Korszer\u0171 \u00f3vod\u00e1nk egyszintes \u00e9p\u00fclet, melyben h\u00e1rom vegyes csoporttal m\u0171k\u00f6d\u00fcnk. A h\u00e1rom csoportba 67 kisgyermeket tudunk befogadni, az \u0151 nevel\u00e9s\u00fcket, fejleszt\u00e9s\u00fcket ell\u00e1tni. <br> \u00d3vod\u00e1nk \u00e9p\u00fclete, udvara, berendez\u00e9se biztons\u00e1goss\u00e1, k\u00e9nyelmess\u00e9 teszi a gyermekek \u00f3vod\u00e1ban elt\u00f6lt\u00f6tt idej\u00e9t. Az \u00f3voda dolgoz\u00f3i kreat\u00edv, \u00f6sszetart\u00f3, k\u00f6z\u00f6s munk\u00e1val igyekeznek komfortos, eszt\u00e9tikus k\u00f6rnyezetet kialak\u00edtani a gyerekek sz\u00e1m\u00e1ra. <br> Munk\u00e1nkat meghat\u00e1rozza a felel\u0151ss\u00e9gtudat Krisztus \u00e9s az emberek el\u0151tt. Tudjuk, hogy mi a c\u00e9lunk, ki az, akit k\u00e9pvisel\u00fcnk. \u00d3vodapedag\u00f3gusaink valamennyien kereszty\u00e9n emberek, akik a Bibli\u00e1t vallj\u00e1k \u00e9let\u00fck zsin\u00f3rm\u00e9rt\u00e9k\u00e9nek. Nevel\u0151test\u00fclet\u00fcnk tagjait a szaktud\u00e1suk sz\u00fcntelen meg\u00faj\u00edt\u00e1s\u00e1ra val\u00f3 t\u00f6rekv\u00e9se, a folyamatos korszer\u0171s\u00edt\u00e9s ir\u00e1nti ig\u00e9ny jellemzi. Logop\u00e9dus, fejleszt\u0151pedag\u00f3gus rendszeresen, napi szinten foglalkozik a r\u00e1szorul\u00f3 gyermekek fejleszt\u00e9s\u00e9vel. Az \u00f3voda \u00f6sszes dolgoz\u00f3ja nagy hivat\u00e1sszeretettel v\u00e9gzi felel\u0151ss\u00e9gteljes munk\u00e1j\u00e1t.<\/p>\n\n\n\n<p>Pedag\u00f3giai munk\u00e1nk sor\u00e1n figyelembe vessz\u00fck a gyermekek v\u00e1ltoz\u00f3 t\u00e1rsadalmi k\u00f6r\u00fclm\u00e9nyeit, tev\u00e9kenys\u00e9gi lehet\u0151s\u00e9geinek \u00e1trendez\u0151d\u00e9s\u00e9t, a csal\u00e1d megv\u00e1ltozott szerkezet\u00e9t \u00e9s \u00e9rt\u00e9krendj\u00e9t, mindezek a v\u00e1ltoz\u00e1sok \u00faj feladat el\u00e9 \u00e1ll\u00edtanak. Feladatunk \u00e9s k\u00fcldet\u00e9s\u00fcnk az \u00f3vodai k\u00f6rnyezetet \u00e9s \u00e9letet a gyermekeknek olyann\u00e1 alak\u00edtani, ami \u00e9p\u00edt\u0151leg hat lelki \u00e9let\u00fckre, szellemi fejl\u0151d\u00e9s\u00fckre, magatart\u00e1sukra, \u00e9s eg\u00e9szs\u00e9ges \u00e9letm\u00f3djuk kialak\u00edt\u00e1s\u00e1ra. <br><\/p>\n\n\n\n<p>Reform\u00e1tus \u00f3vod\u00e1nk a csal\u00e1dias szellemre \u00e9p\u00edt, melynek bels\u0151 tartalma a szeretet \u00e9s a bizalom. A kereszty\u00e9n pedag\u00f3gi\u00e1nk s\u00falypontja, a szeretetre val\u00f3 k\u00e9pess\u00e9g kialak\u00edt\u00e1sa valamint tov\u00e1bbfejleszt\u00e9se, \u00e9s azok helyes kifejez\u00e9si form\u00e1inak megtan\u00edt\u00e1sa:<\/p>\n\n\n\n<ul class=\"wp-block-list\">\n<li>\u00e9rtelmes rendre nevel\u00e9s (Isten rendet teremtett a vil\u00e1gban)<\/li>\n\n\n\n<li>\u00f6nuralomra nevel\u00e9s (olyan attit\u0171d, mely sor\u00e1n a gyermek tiszteletben tartja a m\u00e1sik ember szem\u00e9lyis\u00e9g\u00e9t \u00e9s a k\u00f6rnyezet\u00e9t)<\/li>\n\n\n\n<li>szem\u00e9lyes hitre nevel\u00e9s<\/li>\n\n\n\n<li>nemzetben gondolkod\u00e1s (a tart\u00f3gy\u00f6kerek ismerete) <\/li>\n<\/ul>\n\n\n\n<p>\u00c9let\u00fcnk ritmus\u00e1t az \u00e9vszakok, benn\u00fck a h\u00e9tk\u00f6znapok \u00e9s jeles napok v\u00e1ltakoz\u00e1sai adj\u00e1k. Napirend\u00fcnk rugalmas, a gyermek egy\u00e9ni sz\u00fcks\u00e9gletekhez igaz\u00edtott, t\u00fckr\u00f6zi szok\u00e1sainkat, ig\u00e9nyeinket, a tev\u00e9kenys\u00e9geink k\u00f6z\u00f6tti harmonikus ar\u00e1nyokat, biztos\u00edtva a j\u00e1t\u00e9k kit\u00fcntetett szerep\u00e9t.<\/p>\n\n\n\n<p>Az \u00fcnnepek sz\u00e9ps\u00e9get, \u00e9rtelmet adnak a h\u00e9tk\u00f6znapoknak. C\u00e9lunk megismertetni a gyerekekkel az \u00fcnnepek kereszty\u00e9n tartalm\u00e1t, mely \u00e1ltal m\u00e1s jelent\u0151s\u00e9get kapnak. Nem csak az \u00f6r\u00f6mszerz\u00e9s alkalm\u00e1v\u00e1 v\u00e1lik, hanem a h\u00e1laad\u00e1s lehet\u0151s\u00e9g\u00e9v\u00e9 egyar\u00e1nt. <br> Alapvet\u0151 hossz\u00fa t\u00e1v\u00fa feladata nevel\u00e9s\u00fcnknek, hogy megismertess\u00fck gyermekeinket a magyars\u00e1g, a magyar n\u00e9p kult\u00far\u00e1j\u00e1val \u00e9s hagyom\u00e1nyaival. A hagyom\u00e1nyok azok a n\u00e9pszok\u00e1sok, amelyek seg\u00edts\u00e9g\u00e9vel nemzed\u00e9kr\u0151l nemzed\u00e9kre meg\u0151rizhetj\u00fck tud\u00e1sunkat, tapasztalatainkat. A hagyom\u00e1nyokba belesz\u00fclet\u00fcnk, ezek gazdag\u00edtj\u00e1k kult\u00far\u00e1nkat, \u00e9s ir\u00e1nyt mutatnak \u00e9let\u00fcnkben.<\/p>\n\n\n\n<p>Az \u00f3vod\u00e1ban lehet\u0151s\u00e9geink szerint megjelen\u0151 \u00fcnnepeink, programjaink:<br><br><\/p>\n\n\n\n<ul><li> \u00c9vnyit\u00f3 Istentisztelet <\/li><\/ul>\n<ul><li> Reform\u00e1ci\u00f3 \u00fcnnepe   <\/li><\/ul>\n<ul><li> M\u00e1rton napi lib\u00e1z\u00e1s<\/li><\/ul>\n<ul><li> Advent id\u0151szaka, v\u00e1rakoz\u00e1s <\/li><\/ul>\n<ul><li> T\u00e9lap\u00f3 v\u00e1r\u00e1s<\/li><\/ul>\n<ul><li> Kar\u00e1csony<\/li><\/ul>\n<ul><li> Farsang<\/li><\/ul>\n<ul><li> M\u00e1rcius 15.- Nemzeti \u00fcnnep\u00fcnk<\/li><\/ul>\n<ul><li> Vir\u00e1gvas\u00e1rnap<\/li><\/ul>\n<ul><li> H\u00fasv\u00e9t- Nagyp\u00e9ntek<\/li><\/ul>\n<ul><li> P\u00fcnk\u00f6sd<\/li><\/ul>\n<ul><li> Any\u00e1k napja<\/li><\/ul>\n<ul><li> \u00c9vz\u00e1r\u00f3 Istentisztelet, az iskol\u00e1ba men\u0151 gyermekek b\u00facs\u00faztat\u00e1sa<\/li><\/ul>\n<ul><li> Kir\u00e1ndul\u00e1s<\/li><\/ul>\n<ul><li> Vil\u00e1gnapok (\u00c1llatok napja, V\u00edz vil\u00e1gnapja, Eg\u00e9szs\u00e9g napja, F\u00f6ld napja, Madarak, f\u00e1k napja)<\/li><\/ul>\n\n\n\n<p>A v\u00e1rosunk \u00e1ltal k\u00edn\u00e1lt lehet\u0151s\u00e9gekre (sport, kultur\u00e1lis, term\u00e9szetv\u00e9delmi) is nyitottak vagyunk.<\/p>\n\n\n\n<p>A gyermekek fejl\u0151d\u00e9se \u00e9rdek\u00e9ben a sz\u00fcl\u0151kkel k\u00f6lcs\u00f6n\u00f6s bizalomra \u00e9p\u00fcl\u0151 partnerviszonyt igyeksz\u00fcnk kialak\u00edtani. Fontosnak tartjuk, hogy az \u00f3vod\u00e1nkba j\u00e1r\u00f3 gyerekek \u00e9s sz\u00fcleik is j\u00f3l \u00e9rezz\u00e9k magukat n\u00e1lunk, ezt k\u00fcl\u00f6nf\u00e9le programokkal, \u0151szinte, bar\u00e1ts\u00e1gos kommunik\u00e1ci\u00f3val szeretn\u00e9nk el\u00e9rni.<\/p>\n\n\n\n<p>Int\u00e9zm\u00e9ny\u00fcnkben gyermekk\u00f6zpont\u00fas\u00e1gra t\u00f6reksz\u00fcnk, melyhez a szem\u00e9lyi \u00e9s a t\u00e1rgyi felt\u00e9telek egyar\u00e1nt adottak. Mindez visszat\u00fckr\u00f6z\u0151dik abban, hogy a gyermekek j\u00f3l \u00e9rzik magukat n\u00e1lunk \u00e9s sz\u00edvesen j\u00e1rnak \u00f3vod\u00e1ban. J\u00f6v\u0151k\u00e9p\u00fcnk a kereszty\u00e9n szellemben t\u00f6rt\u00e9n\u0151 min\u0151s\u00e9gi munk\u00e1nk fenntart\u00e1sa \u00e9s fejleszt\u00e9se.<\/p>\n","protected":false},"excerpt":{"rendered":"<p>A Balatonar\u00e1csi Reform\u00e1tus Egyh\u00e1zk\u00f6zs\u00e9g fenntart\u00e1s\u00e1ban 2017.szeptember 1-t\u0151l kezdte m\u0171k\u00f6d\u00e9s\u00e9t a Csillagkert Balatonar\u00e1csi Reform\u00e1tus \u00d3voda, melyben a Biblia tan\u00edt\u00e1s\u00e1nak szellem\u00e9ben folyik a gyermekek nevel\u00e9se. \u00d3vod\u00e1nk Ar\u00e1cs \u201esz\u00edv\u00e9ben\u201d egy csendes kis zs\u00e1kutc\u00e1ban, sz\u00e9p, nyugodt k\u00f6rnyezetben tal\u00e1lhat\u00f3. J\u00f3l felszerelt, fel\u00faj\u00edtott udvar fogadja a hozz\u00e1nk l\u00e1togat\u00f3kat. K\u00e9t udvarr\u00e9sz\u00fcnk van, mindkett\u0151t igyekezt\u00fcnk eszt\u00e9tikus \u00e9s biztons\u00e1gos j\u00e1t\u00e9kokkal felszerelni, melyek a gyermekek&#8230; <\/p>\n","protected":false},"author":2,"featured_media":0,"parent":0,"menu_order":40,"comment_status":"closed","ping_status":"closed","template":"","meta":{"_monsterinsights_skip_tracking":false,"_monsterinsights_sitenote_active":false,"_monsterinsights_sitenote_note":"","_monsterinsights_sitenote_category":0,"footnotes":""},"class_list":["post-46","page","type-page","status-publish","hentry"],"aioseo_notices":[],"_links":{"self":[{"href":"https:\/\/aracsiref.hu\/index.php?rest_route=\/wp\/v2\/pages\/46","targetHints":{"allow":["GET"]}}],"collection":[{"href":"https:\/\/aracsiref.hu\/index.php?rest_route=\/wp\/v2\/pages"}],"about":[{"href":"https:\/\/aracsiref.hu\/index.php?rest_route=\/wp\/v2\/types\/page"}],"author":[{"embeddable":true,"href":"https:\/\/aracsiref.hu\/index.php?rest_route=\/wp\/v2\/users\/2"}],"replies":[{"embeddable":true,"href":"https:\/\/aracsiref.hu\/index.php?rest_route=%2Fwp%2Fv2%2Fcomments&post=46"}],"version-history":[{"count":8,"href":"https:\/\/aracsiref.hu\/index.php?rest_route=\/wp\/v2\/pages\/46\/revisions"}],"predecessor-version":[{"id":2021,"href":"https:\/\/aracsiref.hu\/index.php?rest_route=\/wp\/v2\/pages\/46\/revisions\/2021"}],"wp:attachment":[{"href":"https:\/\/aracsiref.hu\/index.php?rest_route=%2Fwp%2Fv2%2Fmedia&parent=46"}],"curies":[{"name":"wp","href":"https:\/\/api.w.org\/{rel}","templated":true}]}}