{"id":451,"date":"2019-08-16T21:08:00","date_gmt":"2019-08-16T20:08:00","guid":{"rendered":"http:\/\/aracsiref.hu\/?page_id=451"},"modified":"2025-11-18T13:02:02","modified_gmt":"2025-11-18T12:02:02","slug":"elerhetoseg","status":"publish","type":"page","link":"https:\/\/aracsiref.hu\/?page_id=451","title":{"rendered":"El\u00e9rhet\u0151s\u00e9g"},"content":{"rendered":"\n<p>A Csillagkert Balatonar\u00e1csi Reform\u00e1tus \u00d3voda el\u00e9rhet\u0151s\u00e9gei<br>c\u00edm: 8230 Balatonf\u00fcred, Iskolal\u00e9pcs\u0151 u. 4.<br>e-mail:&nbsp;<a rel=\"noreferrer noopener\" href=\"mailto:csillagkertovoda.aracs@gmail.com\" target=\"_blank\">csillagkertovoda.aracs@gmail.com<\/a><br>telefonsz\u00e1ma: 20\/268 2714<br><br><strong>Cs\u00e1sz\u00e1r Attila <\/strong>lelk\u00e9sz, a fenntart\u00f3 k\u00e9pviselet\u00e9ben<br>e-mail:&nbsp;<a rel=\"noreferrer noopener\" href=\"mailto:lelkesz.aracs@gmail.com\" target=\"_blank\">lelkesz.aracs@gmail.com<\/a><br>telefonsz\u00e1ma:&nbsp;87\/342-662; 70\/4255945<\/p>\n\n\n\n<p><strong>Szabadi Edit<\/strong> int\u00e9zm\u00e9nyvezet\u0151<br>nevel\u00e9studom\u00e1nyi-b\u00f6lcs\u00e9sz, nevel\u00e9skutat\u00f3, oktat\u00e1smenedzsment-k\u00f6znevel\u00e9si szak\u00e9rt\u0151, tr\u00e9ner<br>e-mail:\u00a0<a href=\"mailto:csillagkertovoda.aracs@gmail.com\" target=\"_blank\" rel=\"noreferrer noopener\">csillagkert.vezeto@gmail.com<\/a><br>Telefon: 30\/690 1643<\/p>\n\n\n\n<iframe loading=\"lazy\" src=\"https:\/\/www.google.com\/maps\/embed?pb=!1m18!1m12!1m3!1d1361.2780105079112!2d17.89400234068881!3d46.97041258536855!2m3!1f0!2f0!3f0!3m2!1i1024!2i768!4f13.1!3m3!1m2!1s0x0%3A0x2a480d5fc4b18184!2sCsillagkert%20Balatonar%C3%A1csi%20Reform%C3%A1tus%20%C3%93voda!5e0!3m2!1sen!2shu!4v1601407435509!5m2!1sen!2shu\" width=\"600\" height=\"450\" frameborder=\"0\" style=\"border:0;\" allowfullscreen=\"\" aria-hidden=\"false\" tabindex=\"0\"><\/iframe>\n\n\n\n<p><\/p>\n","protected":false},"excerpt":{"rendered":"<p>A Csillagkert Balatonar\u00e1csi Reform\u00e1tus \u00d3voda el\u00e9rhet\u0151s\u00e9geic\u00edm: 8230 Balatonf\u00fcred, Iskolal\u00e9pcs\u0151 u. 4.e-mail:&nbsp;csillagkertovoda.aracs@gmail.comtelefonsz\u00e1ma: 20\/268 2714 Cs\u00e1sz\u00e1r Attila lelk\u00e9sz, a fenntart\u00f3 k\u00e9pviselet\u00e9bene-mail:&nbsp;lelkesz.aracs@gmail.comtelefonsz\u00e1ma:&nbsp;87\/342-662; 70\/4255945 Szabadi Edit int\u00e9zm\u00e9nyvezet\u0151nevel\u00e9studom\u00e1nyi-b\u00f6lcs\u00e9sz, nevel\u00e9skutat\u00f3, oktat\u00e1smenedzsment-k\u00f6znevel\u00e9si szak\u00e9rt\u0151, tr\u00e9nere-mail:\u00a0csillagkert.vezeto@gmail.comTelefon: 30\/690 1643<\/p>\n","protected":false},"author":2,"featured_media":0,"parent":46,"menu_order":0,"comment_status":"closed","ping_status":"closed","template":"","meta":{"_monsterinsights_skip_tracking":false,"_monsterinsights_sitenote_active":false,"_monsterinsights_sitenote_note":"","_monsterinsights_sitenote_category":0,"footnotes":""},"class_list":["post-451","page","type-page","status-publish","hentry"],"aioseo_notices":[],"_links":{"self":[{"href":"https:\/\/aracsiref.hu\/index.php?rest_route=\/wp\/v2\/pages\/451","targetHints":{"allow":["GET"]}}],"collection":[{"href":"https:\/\/aracsiref.hu\/index.php?rest_route=\/wp\/v2\/pages"}],"about":[{"href":"https:\/\/aracsiref.hu\/index.php?rest_route=\/wp\/v2\/types\/page"}],"author":[{"embeddable":true,"href":"https:\/\/aracsiref.hu\/index.php?rest_route=\/wp\/v2\/users\/2"}],"replies":[{"embeddable":true,"href":"https:\/\/aracsiref.hu\/index.php?rest_route=%2Fwp%2Fv2%2Fcomments&post=451"}],"version-history":[{"count":12,"href":"https:\/\/aracsiref.hu\/index.php?rest_route=\/wp\/v2\/pages\/451\/revisions"}],"predecessor-version":[{"id":1928,"href":"https:\/\/aracsiref.hu\/index.php?rest_route=\/wp\/v2\/pages\/451\/revisions\/1928"}],"up":[{"embeddable":true,"href":"https:\/\/aracsiref.hu\/index.php?rest_route=\/wp\/v2\/pages\/46"}],"wp:attachment":[{"href":"https:\/\/aracsiref.hu\/index.php?rest_route=%2Fwp%2Fv2%2Fmedia&parent=451"}],"curies":[{"name":"wp","href":"https:\/\/api.w.org\/{rel}","templated":true}]}}