{"id":37,"date":"2019-07-16T20:55:59","date_gmt":"2019-07-16T19:55:59","guid":{"rendered":"http:\/\/aracsiref.hu\/?page_id=37"},"modified":"2025-11-19T18:07:51","modified_gmt":"2025-11-19T17:07:51","slug":"presbiterek-elerhetosege","status":"publish","type":"page","link":"https:\/\/aracsiref.hu\/?page_id=37","title":{"rendered":"Presbiterek"},"content":{"rendered":"\n<p class=\"has-text-align-center\">&nbsp;&nbsp;&nbsp;&nbsp; <strong>A Balatonar\u00e1csi Reform\u00e1tus Egyh\u00e1zk\u00f6zs\u00e9g Presbit\u00e9riuma<\/strong><br> <strong>(2024.I.1 &#8211; 2029.XII.31.)<\/strong><\/p>\n\n\n\n<ol class=\"wp-block-list\">\n<li>Cs\u00e1sz\u00e1r Attila &#8211; lelk\u00e9sz<\/li>\n\n\n\n<li>T\u00f3soki Csaba &#8211; gazdas\u00e1gi gondnok<\/li>\n\n\n\n<li>Ga\u00e1l P\u00e9ter &#8211; p\u00e9nz\u00fcgyi gondnok<\/li>\n\n\n\n<li>Dr. Cserny Tibor &#8211; presbiteri jegyz\u0151<\/li>\n\n\n\n<li>Alp\u00e1r Andr\u00e1s<\/li>\n\n\n\n<li>Dr. B\u00f3ka Istv\u00e1n<\/li>\n\n\n\n<li>Cserny P\u00e9ter<\/li>\n\n\n\n<li>Erdei L\u00e1szl\u00f3 <\/li>\n\n\n\n<li>Ga\u00e1l Botond<\/li>\n\n\n\n<li>Horv\u00e1th Mikl\u00f3s<\/li>\n\n\n\n<li>Kov\u00e1cs \u00d6rs<\/li>\n\n\n\n<li>Koz\u00e1k P\u00e9ter<\/li>\n\n\n\n<li>ifj. Salbert Imre<\/li>\n\n\n\n<li>S\u00f3tonyi J\u00f3zsef<\/li>\n\n\n\n<li>Tolnai B\u00e9la<\/li>\n<\/ol>\n\n\n\n<figure class=\"wp-block-image size-large\"><img loading=\"lazy\" decoding=\"async\" width=\"1024\" height=\"680\" src=\"https:\/\/aracsiref.hu\/wp-content\/uploads\/2024\/11\/DSC_1317-1024x680.jpg\" alt=\"\" class=\"wp-image-1797\" srcset=\"https:\/\/aracsiref.hu\/wp-content\/uploads\/2024\/11\/DSC_1317-1024x680.jpg 1024w, https:\/\/aracsiref.hu\/wp-content\/uploads\/2024\/11\/DSC_1317-300x199.jpg 300w, https:\/\/aracsiref.hu\/wp-content\/uploads\/2024\/11\/DSC_1317-768x510.jpg 768w, https:\/\/aracsiref.hu\/wp-content\/uploads\/2024\/11\/DSC_1317-1536x1020.jpg 1536w, https:\/\/aracsiref.hu\/wp-content\/uploads\/2024\/11\/DSC_1317-2048x1360.jpg 2048w\" sizes=\"auto, (max-width: 1024px) 100vw, 1024px\" \/><\/figure>\n\n\n\n<p>balr\u00f3l jobbra: Kov\u00e1cs \u00d6rs, ifj. Salbert Imre, Horv\u00e1th Mikl\u00f3s, S\u00f3tonyi J\u00f3zsef, Cserny P\u00e9ter, Cs\u00e1sz\u00e1r Attila, Koz\u00e1k P\u00e9ter, B\u00f3ka Istv\u00e1n, T\u00f3soki Csaba, Ga\u00e1l Botond, Tolnai B\u00e9la, Alp\u00e1r Andr\u00e1s, Cserny Tibor, Erdei L\u00e1szl\u00f3, (hi\u00e1nyzik: Ga\u00e1l P\u00e9ter)<\/p>\n\n\n\n<p class=\"has-medium-font-size\">A Balatonar\u00e1csi Reform\u00e1tus Egyh\u00e1zk\u00f6zs\u00e9g presbitereinek c\u00edmlist\u00e1ja 2024 &#8211; 2029<\/p>\n\n\n\n<figure class=\"wp-block-table\"><table><thead><tr><th><strong>N\u00e9v<\/strong><\/th><th><strong>Telefon&nbsp;<\/strong><\/th><th><strong>e-mail c\u00edm<\/strong><\/th><\/tr><\/thead><tbody><tr><td>Alp\u00e1r Andr\u00e1s<\/td><td>30\/261-2695<\/td><td>&#8212;&#8212;&#8211;<\/td><\/tr><tr><td>B\u00f3ka Istv\u00e1n<\/td><td>30\/520-7476<\/td><td><a href=\"mailto:polgarmester@balatonfured.com\" title=\"\">polgarmester@balatonfured.com<\/a><\/td><\/tr><tr><td>Cs\u00e1sz\u00e1r Attila<\/td><td>30\/276-7803<\/td><td><a href=\"mailto:lelkesz.aracs@gmail.com\">lelkesz.aracs@gmail.com<\/a><\/td><\/tr><tr><td>Cserny P\u00e9ter<\/td><td>70\/932-4747<\/td><td><a href=\"mailto:csernypeter@gmail.com\" title=\"\">csernypeter@gmail.com<\/a><\/td><\/tr><tr><td>Cserny Tibor<\/td><td>70\/932-4751<\/td><td><a href=\"mailto:cserny.tibor@gmail.com\" title=\"\">cserny.tibor@gmail.com<\/a><\/td><\/tr><tr><td>Ga\u00e1l Botond<\/td><td>20\/456-3463<\/td><td><a href=\"mailto:gaalbotond72@gmail.com\">gaalbotond72@gmail.com<\/a><\/td><\/tr><tr><td>Ga\u00e1l P\u00e9ter<\/td><td>20\/927-8035<\/td><td><a href=\"mailto:gaalpeter67@gmail.com\" title=\"\">gaalpeter67@gmail.com<\/a><\/td><\/tr><tr><td>Horv\u00e1th Mikl\u00f3s<\/td><td>30\/335-1190<\/td><td><a href=\"mailto:horvathmiklos60@freemail.hu\" title=\"\">horvathmiklos60@gmail.com<\/a><\/td><\/tr><tr><td>Kov\u00e1cs \u00d6rs<\/td><td>30\/740-1776<\/td><td><a href=\"mailto:kovors.ujpest@gmail.com\">kovors.ujpest@gmail.com<\/a><\/td><\/tr><tr><td>Koz\u00e1k P\u00e9ter<\/td><td>30\/491-3985<\/td><td><a href=\"mailto:kozak.peter@centraldrinks.hu\" title=\"\">kozakpetercentral@gmail.com<\/a><\/td><\/tr><tr><td>ifj. Salbert Imre<\/td><td>70\/2466282<\/td><td><a href=\"mailto:salbertimre@freemail.hu\" title=\"\">salbertimre@gmail.com<\/a><\/td><\/tr><tr><td>S\u00f3tonyi J\u00f3zsef<\/td><td>20\/527-3729<\/td><td><a href=\"mailto:sotesz.0007@gmail.com\" title=\"\">sotesz.0007@gmail.com<\/a><\/td><\/tr><tr><td>Tolnai B\u00e9la<\/td><td>30\/546-9867<\/td><td><a href=\"mailto:hayabusa2@freemail.hu\" title=\"\">tolnaibela57@gmail.com<\/a><\/td><\/tr><tr><td>T\u00f3soki Csaba<\/td><td>30\/986-3814<\/td><td><a href=\"mailto:tosoki@tosoki.hu\" title=\"\">tosokiepito@gmail.com<\/a><\/td><\/tr><\/tbody><\/table><\/figure>\n\n\n\n<p><\/p>\n","protected":false},"excerpt":{"rendered":"<p>&nbsp;&nbsp;&nbsp;&nbsp; A Balatonar\u00e1csi Reform\u00e1tus Egyh\u00e1zk\u00f6zs\u00e9g Presbit\u00e9riuma (2024.I.1 &#8211; 2029.XII.31.) balr\u00f3l jobbra: Kov\u00e1cs \u00d6rs, ifj. Salbert Imre, Horv\u00e1th Mikl\u00f3s, S\u00f3tonyi J\u00f3zsef, Cserny P\u00e9ter, Cs\u00e1sz\u00e1r Attila, Koz\u00e1k P\u00e9ter, B\u00f3ka Istv\u00e1n, T\u00f3soki Csaba, Ga\u00e1l Botond, Tolnai B\u00e9la, Alp\u00e1r Andr\u00e1s, Cserny Tibor, Erdei L\u00e1szl\u00f3, (hi\u00e1nyzik: Ga\u00e1l P\u00e9ter) A Balatonar\u00e1csi Reform\u00e1tus Egyh\u00e1zk\u00f6zs\u00e9g presbitereinek c\u00edmlist\u00e1ja 2024 &#8211; 2029 N\u00e9v Telefon&nbsp; e-mail&#8230; <\/p>\n","protected":false},"author":2,"featured_media":0,"parent":22,"menu_order":20,"comment_status":"closed","ping_status":"closed","template":"","meta":{"_monsterinsights_skip_tracking":false,"_monsterinsights_sitenote_active":false,"_monsterinsights_sitenote_note":"","_monsterinsights_sitenote_category":0,"footnotes":""},"class_list":["post-37","page","type-page","status-publish","hentry"],"aioseo_notices":[],"_links":{"self":[{"href":"https:\/\/aracsiref.hu\/index.php?rest_route=\/wp\/v2\/pages\/37","targetHints":{"allow":["GET"]}}],"collection":[{"href":"https:\/\/aracsiref.hu\/index.php?rest_route=\/wp\/v2\/pages"}],"about":[{"href":"https:\/\/aracsiref.hu\/index.php?rest_route=\/wp\/v2\/types\/page"}],"author":[{"embeddable":true,"href":"https:\/\/aracsiref.hu\/index.php?rest_route=\/wp\/v2\/users\/2"}],"replies":[{"embeddable":true,"href":"https:\/\/aracsiref.hu\/index.php?rest_route=%2Fwp%2Fv2%2Fcomments&post=37"}],"version-history":[{"count":24,"href":"https:\/\/aracsiref.hu\/index.php?rest_route=\/wp\/v2\/pages\/37\/revisions"}],"predecessor-version":[{"id":1943,"href":"https:\/\/aracsiref.hu\/index.php?rest_route=\/wp\/v2\/pages\/37\/revisions\/1943"}],"up":[{"embeddable":true,"href":"https:\/\/aracsiref.hu\/index.php?rest_route=\/wp\/v2\/pages\/22"}],"wp:attachment":[{"href":"https:\/\/aracsiref.hu\/index.php?rest_route=%2Fwp%2Fv2%2Fmedia&parent=37"}],"curies":[{"name":"wp","href":"https:\/\/api.w.org\/{rel}","templated":true}]}}