{"id":33,"date":"2019-07-16T20:55:26","date_gmt":"2019-07-16T19:55:26","guid":{"rendered":"http:\/\/aracsiref.hu\/?page_id=33"},"modified":"2021-12-15T20:44:49","modified_gmt":"2021-12-15T19:44:49","slug":"elerhetosegek","status":"publish","type":"page","link":"https:\/\/aracsiref.hu\/?page_id=33","title":{"rendered":"El\u00e9rhet\u0151s\u00e9g"},"content":{"rendered":"\n<h4 class=\"wp-block-heading\">REFORM\u00c1TUS LELK\u00c9SZI HIVATAL BALATONAR\u00c1CS<\/h4>\n\n\n\n<p>Cs\u00e1sz\u00e1r Attila lelk\u00e9sz<\/p>\n\n\n\n<p><a href=\"https:\/\/www.google.com\/maps\/place\/Balatonf%C3%BCred,+L%C3%B3czy+Lajos+u.+70,+8230\/@46.971662,17.8966978,17.52z\/data=!4m5!3m4!1s0x4769bd6e2ab46111:0x952beb83744d0d75!8m2!3d46.9718832!4d17.8964983\">8230 Balatonf\u00fcred-Ar\u00e1cs, L\u00f3czy Lajos utca 70.<\/a><br>(az Ar\u00e1csi N\u00e9ph\u00e1z m\u00f6g\u00f6tt)<br>Tel.: 87\/342-662; 70\/425 5945<br>email: lelkesz.aracs [kukac] gmail.com<br>Az Egyh\u00e1zk\u00f6zs\u00e9g ad\u00f3sz\u00e1ma: 19898175-1-19<br>Sz\u00e1mlasz\u00e1ma: OTP 11748069-20006448-00000000<\/p>\n\n\n\n<iframe loading=\"lazy\" src=\"https:\/\/www.google.com\/maps\/embed?pb=!1m18!1m12!1m3!1d2722.4623440018836!2d17.893547915868186!3d46.97225283957415!2m3!1f0!2f0!3f0!3m2!1i1024!2i768!4f13.1!3m3!1m2!1s0x4769bd9c967d643f%3A0xe3392285dc27b8af!2sBalatonar%C3%A1csi%20Reform%C3%A1tus%20Templom!5e0!3m2!1shu!2shu!4v1595193319368!5m2!1shu!2shu\" style=\"border:0;\" allowfullscreen=\"\" aria-hidden=\"false\" tabindex=\"0\" width=\"600\" height=\"450\" frameborder=\"0\"><\/iframe>\n\n\n\n<p class=\"has-medium-font-size\">Hivatali id\u0151:<\/p>\n\n\n\n<figure class=\"wp-block-table\"><table><tbody><tr><td>H\u00e9tf\u0151<\/td><td>&#8212;<\/td><\/tr><tr><td>Kedd<\/td><td>9:00-15:00<\/td><\/tr><tr><td>Szerda<\/td><td>9:00-15:00 <\/td><\/tr><tr><td>Cs\u00fct\u00f6rt\u00f6k<\/td><td>9:00-15:00 <\/td><\/tr><tr><td>P\u00e9ntek<\/td><td> &#8212; <\/td><\/tr><\/tbody><\/table><\/figure>\n\n\n\n<p class=\"has-medium-font-size\">Istentisztelt id\u0151pontja: vas\u00e1rnap 10:00<\/p>\n\n\n\n<hr class=\"wp-block-separator\"\/>\n\n\n\n<h2 class=\"wp-block-heading\">Kapcsolataink<\/h2>\n\n\n\n<p class=\"has-medium-font-size\"><a href=\"https:\/\/sites.google.com\/site\/aracshonlapja\/home\" target=\"_blank\" rel=\"noreferrer noopener\" aria-label=\" (opens in a new tab)\">Balatonar\u00e1cs\u00e9rt Alap\u00edtv\u00e1ny<\/a><\/p>\n\n\n\n<p><a href=\"http:\/\/www.nabe.hu\/index.php?option=com_k2&amp;view=itemlist&amp;task=category&amp;id=15:balatonarcsi-csoport&amp;Itemid=169\">N\u0151k a <\/a><a href=\"http:\/\/www.nabe.hu\/index.php?option=com_k2&amp;view=itemlist&amp;task=category&amp;id=15:balatonarcsi-csoport&amp;Itemid=169\" target=\"_blank\" rel=\"noreferrer noopener\" aria-label=\"Balaton\u00e9rt  (opens in a new tab)\">Balaton\u00e9rt <\/a><a href=\"http:\/\/www.nabe.hu\/index.php?option=com_k2&amp;view=itemlist&amp;task=category&amp;id=15:balatonarcsi-csoport&amp;Itemid=169\">Ar\u00e1csi Csoport<\/a><\/p>\n\n\n\n<p><a href=\"https:\/\/www.programturizmus.hu\/ajanlat-aracsi-nephaz.html\" target=\"_blank\" rel=\"noreferrer noopener\" aria-label=\" (opens in a new tab)\">Ar\u00e1csi N\u00e9ph\u00e1z \u00e9s Ki\u00e1ll\u00edt\u00f3csoport<\/a><\/p>\n\n\n\n<p><a href=\"http:\/\/www.balatonfured.hu\" target=\"_blank\" rel=\"noreferrer noopener\" aria-label=\"Balatonf\u00fcred (opens in a new tab)\">Balatonf\u00fcred<\/a><\/p>\n\n\n\n<p><a href=\"https:\/\/www.programturizmus.hu\/ajanlat-balatonfuredi-konyvtari-program.html\">Balatonf\u00fcredi K\u00f6nyvt\u00e1ri <\/a><a href=\"https:\/\/www.programturizmus.hu\/ajanlat-balatonfuredi-konyvtari-program.html\" target=\"_blank\" rel=\"noreferrer noopener\" aria-label=\"programok (opens in a new tab)\">programok<\/a><\/p>\n\n\n\n<p><a href=\"\/\/vaszaryvilla.hu\/\">Balatonf\u00fcred, Vaszary <\/a><a href=\"\/\/vaszaryvilla.hu\/\" target=\"_blank\" rel=\"noreferrer noopener\" aria-label=\"Gal\u00e9ria (opens in a new tab)\">Gal\u00e9ria<\/a><\/p>\n\n\n\n<p><a href=\"http:\/\/balatonkozpont.hu\/\">Balatonf\u00fcred, Szabadid\u0151 \u00e9s <\/a><a href=\"http:\/\/balatonkozpont.hu\/\" target=\"_blank\" rel=\"noreferrer noopener\" aria-label=\"Konferenciak\u00f6zpont (opens in a new tab)\">Konferenciak\u00f6zpont<\/a><\/p>\n","protected":false},"excerpt":{"rendered":"<p>REFORM\u00c1TUS LELK\u00c9SZI HIVATAL BALATONAR\u00c1CS Cs\u00e1sz\u00e1r Attila lelk\u00e9sz 8230 Balatonf\u00fcred-Ar\u00e1cs, L\u00f3czy Lajos utca 70.(az Ar\u00e1csi N\u00e9ph\u00e1z m\u00f6g\u00f6tt)Tel.: 87\/342-662; 70\/425 5945email: lelkesz.aracs [kukac] gmail.comAz Egyh\u00e1zk\u00f6zs\u00e9g ad\u00f3sz\u00e1ma: 19898175-1-19Sz\u00e1mlasz\u00e1ma: OTP 11748069-20006448-00000000 Hivatali id\u0151: H\u00e9tf\u0151 &#8212; Kedd 9:00-15:00 Szerda 9:00-15:00 Cs\u00fct\u00f6rt\u00f6k 9:00-15:00 P\u00e9ntek &#8212; Istentisztelt id\u0151pontja: vas\u00e1rnap 10:00 Kapcsolataink Balatonar\u00e1cs\u00e9rt Alap\u00edtv\u00e1ny N\u0151k a Balaton\u00e9rt Ar\u00e1csi Csoport Ar\u00e1csi N\u00e9ph\u00e1z \u00e9s Ki\u00e1ll\u00edt\u00f3csoport&#8230; <\/p>\n","protected":false},"author":2,"featured_media":0,"parent":22,"menu_order":10,"comment_status":"closed","ping_status":"closed","template":"","meta":{"_monsterinsights_skip_tracking":false,"_monsterinsights_sitenote_active":false,"_monsterinsights_sitenote_note":"","_monsterinsights_sitenote_category":0,"footnotes":""},"class_list":["post-33","page","type-page","status-publish","hentry"],"aioseo_notices":[],"_links":{"self":[{"href":"https:\/\/aracsiref.hu\/index.php?rest_route=\/wp\/v2\/pages\/33","targetHints":{"allow":["GET"]}}],"collection":[{"href":"https:\/\/aracsiref.hu\/index.php?rest_route=\/wp\/v2\/pages"}],"about":[{"href":"https:\/\/aracsiref.hu\/index.php?rest_route=\/wp\/v2\/types\/page"}],"author":[{"embeddable":true,"href":"https:\/\/aracsiref.hu\/index.php?rest_route=\/wp\/v2\/users\/2"}],"replies":[{"embeddable":true,"href":"https:\/\/aracsiref.hu\/index.php?rest_route=%2Fwp%2Fv2%2Fcomments&post=33"}],"version-history":[{"count":22,"href":"https:\/\/aracsiref.hu\/index.php?rest_route=\/wp\/v2\/pages\/33\/revisions"}],"predecessor-version":[{"id":1567,"href":"https:\/\/aracsiref.hu\/index.php?rest_route=\/wp\/v2\/pages\/33\/revisions\/1567"}],"up":[{"embeddable":true,"href":"https:\/\/aracsiref.hu\/index.php?rest_route=\/wp\/v2\/pages\/22"}],"wp:attachment":[{"href":"https:\/\/aracsiref.hu\/index.php?rest_route=%2Fwp%2Fv2%2Fmedia&parent=33"}],"curies":[{"name":"wp","href":"https:\/\/api.w.org\/{rel}","templated":true}]}}