{"id":222,"date":"2019-08-06T23:44:13","date_gmt":"2019-08-06T22:44:13","guid":{"rendered":"http:\/\/aracsiref.hu\/?page_id=222"},"modified":"2021-01-01T17:31:46","modified_gmt":"2021-01-01T16:31:46","slug":"elerhetoseg-tihany","status":"publish","type":"page","link":"https:\/\/aracsiref.hu\/?page_id=222","title":{"rendered":"El\u00e9rhet\u0151s\u00e9g"},"content":{"rendered":"<h4 class=\"block-editor-rich-text__editable editor-rich-text__editable\" role=\"textbox\" contenteditable=\"true\" aria-multiline=\"true\" data-is-placeholder-visible=\"false\" aria-label=\"Write heading\u2026\" aria-autocomplete=\"list\">REFORM\u00c1TUS LELK\u00c9SZ TIHANY<br><!--StartFragment--><\/h4>\n\n\n<p>Cs\u00e1sz\u00e1r Attila lelk\u00e9sz <\/p>\n\n\n\n<p>Telefon: 87\/342-662; 30\/27-67-803<br>Email: lelkesz.aracs [kukac] gmail.com  <\/p>\n\n\n\n<p>a templom c\u00edme:  8237 Tihany, Batthy\u00e1ny u. 4. <br>gondnok: Baranyai Ferencn\u00e9 (30\/215-7645)<\/p>\n\n\n<p><!--EndFragment--><\/p>\n\n\n<iframe loading=\"lazy\" src=\"https:\/\/www.google.com\/maps\/embed?pb=!1m18!1m12!1m3!1d681.3321717628198!2d17.885752780608644!3d46.91591945598575!2m3!1f0!2f0!3f0!3m2!1i1024!2i768!4f13.1!3m3!1m2!1s0x4769bc7cacb8946d%3A0x8f758bcbf97323e6!2sReform%C3%A1tus%20Harangl%C3%A1b!5e0!3m2!1shu!2shu!4v1595194157690!5m2!1shu!2shu\" width=\"600\" height=\"450\" frameborder=\"0\" style=\"border:0;\" allowfullscreen=\"\" aria-hidden=\"false\" tabindex=\"0\"><\/iframe>\n\n\n\n<p><\/p>\n","protected":false},"excerpt":{"rendered":"<p>REFORM\u00c1TUS LELK\u00c9SZ TIHANY Cs\u00e1sz\u00e1r Attila lelk\u00e9sz Telefon: 87\/342-662; 30\/27-67-803Email: lelkesz.aracs [kukac] gmail.com a templom c\u00edme: 8237 Tihany, Batthy\u00e1ny u. 4. gondnok: Baranyai Ferencn\u00e9 (30\/215-7645)<\/p>\n","protected":false},"author":2,"featured_media":0,"parent":59,"menu_order":1,"comment_status":"closed","ping_status":"closed","template":"","meta":{"_monsterinsights_skip_tracking":false,"_monsterinsights_sitenote_active":false,"_monsterinsights_sitenote_note":"","_monsterinsights_sitenote_category":0,"footnotes":""},"class_list":["post-222","page","type-page","status-publish","hentry"],"aioseo_notices":[],"_links":{"self":[{"href":"https:\/\/aracsiref.hu\/index.php?rest_route=\/wp\/v2\/pages\/222","targetHints":{"allow":["GET"]}}],"collection":[{"href":"https:\/\/aracsiref.hu\/index.php?rest_route=\/wp\/v2\/pages"}],"about":[{"href":"https:\/\/aracsiref.hu\/index.php?rest_route=\/wp\/v2\/types\/page"}],"author":[{"embeddable":true,"href":"https:\/\/aracsiref.hu\/index.php?rest_route=\/wp\/v2\/users\/2"}],"replies":[{"embeddable":true,"href":"https:\/\/aracsiref.hu\/index.php?rest_route=%2Fwp%2Fv2%2Fcomments&post=222"}],"version-history":[{"count":6,"href":"https:\/\/aracsiref.hu\/index.php?rest_route=\/wp\/v2\/pages\/222\/revisions"}],"predecessor-version":[{"id":1271,"href":"https:\/\/aracsiref.hu\/index.php?rest_route=\/wp\/v2\/pages\/222\/revisions\/1271"}],"up":[{"embeddable":true,"href":"https:\/\/aracsiref.hu\/index.php?rest_route=\/wp\/v2\/pages\/59"}],"wp:attachment":[{"href":"https:\/\/aracsiref.hu\/index.php?rest_route=%2Fwp%2Fv2%2Fmedia&parent=222"}],"curies":[{"name":"wp","href":"https:\/\/api.w.org\/{rel}","templated":true}]}}