{"id":218,"date":"2019-08-06T23:43:14","date_gmt":"2019-08-06T22:43:14","guid":{"rendered":"http:\/\/aracsiref.hu\/?page_id=218"},"modified":"2021-01-01T17:30:50","modified_gmt":"2021-01-01T16:30:50","slug":"elerhetoseg-udvari","status":"publish","type":"page","link":"https:\/\/aracsiref.hu\/?page_id=218","title":{"rendered":"El\u00e9rhet\u0151s\u00e9g"},"content":{"rendered":"<h4 class=\"block-editor-rich-text__editable editor-rich-text__editable\" role=\"textbox\" contenteditable=\"true\" aria-multiline=\"true\" data-is-placeholder-visible=\"false\" aria-label=\"Write heading\u2026\" aria-autocomplete=\"list\">REFORM\u00c1TUS LELK\u00c9SZ Balatonudvari<br><!--StartFragment--><\/h4>\n\n\n<p>Cs\u00e1sz\u00e1r Attila lelk\u00e9sz <\/p>\n\n\n\n<p>Telefon: 87\/342-662; 30\/27-67-803<br>Email: lelkesz.aracs [kukac] gmail.com  <\/p>\n\n\n\n<p>a templom c\u00edme: 8242 Balatonudvari, Kerk\u00e1poly u. 2.<br>gondnok: B\u00edr\u00f3 Gyul\u00e1n\u00e9 20\/356-2694 <\/p>\n\n\n\n<figure><iframe loading=\"lazy\" src=\"https:\/\/www.google.com\/maps\/embed?pb=!1m18!1m12!1m3!1d1362.9123355526563!2d17.804508709597965!3d46.906166426853375!2m3!1f0!2f0!3f0!3m2!1i1024!2i768!4f13.1!3m3!1m2!1s0x4769a5424ce488cf%3A0xedced8d33a5f7ad3!2sReform%C3%A1tus%20templom!5e0!3m2!1sen!2shu!4v1593633915818!5m2!1sen!2shu\" width=\"600\" height=\"450\" allowfullscreen=\"\"><\/iframe><\/figure>\n","protected":false},"excerpt":{"rendered":"<p>REFORM\u00c1TUS LELK\u00c9SZ Balatonudvari Cs\u00e1sz\u00e1r Attila lelk\u00e9sz Telefon: 87\/342-662; 30\/27-67-803Email: lelkesz.aracs [kukac] gmail.com a templom c\u00edme: 8242 Balatonudvari, Kerk\u00e1poly u. 2.gondnok: B\u00edr\u00f3 Gyul\u00e1n\u00e9 20\/356-2694<\/p>\n","protected":false},"author":2,"featured_media":0,"parent":56,"menu_order":1,"comment_status":"closed","ping_status":"closed","template":"","meta":{"_monsterinsights_skip_tracking":false,"_monsterinsights_sitenote_active":false,"_monsterinsights_sitenote_note":"","_monsterinsights_sitenote_category":0,"footnotes":""},"class_list":["post-218","page","type-page","status-publish","hentry"],"aioseo_notices":[],"_links":{"self":[{"href":"https:\/\/aracsiref.hu\/index.php?rest_route=\/wp\/v2\/pages\/218","targetHints":{"allow":["GET"]}}],"collection":[{"href":"https:\/\/aracsiref.hu\/index.php?rest_route=\/wp\/v2\/pages"}],"about":[{"href":"https:\/\/aracsiref.hu\/index.php?rest_route=\/wp\/v2\/types\/page"}],"author":[{"embeddable":true,"href":"https:\/\/aracsiref.hu\/index.php?rest_route=\/wp\/v2\/users\/2"}],"replies":[{"embeddable":true,"href":"https:\/\/aracsiref.hu\/index.php?rest_route=%2Fwp%2Fv2%2Fcomments&post=218"}],"version-history":[{"count":7,"href":"https:\/\/aracsiref.hu\/index.php?rest_route=\/wp\/v2\/pages\/218\/revisions"}],"predecessor-version":[{"id":1270,"href":"https:\/\/aracsiref.hu\/index.php?rest_route=\/wp\/v2\/pages\/218\/revisions\/1270"}],"up":[{"embeddable":true,"href":"https:\/\/aracsiref.hu\/index.php?rest_route=\/wp\/v2\/pages\/56"}],"wp:attachment":[{"href":"https:\/\/aracsiref.hu\/index.php?rest_route=%2Fwp%2Fv2%2Fmedia&parent=218"}],"curies":[{"name":"wp","href":"https:\/\/api.w.org\/{rel}","templated":true}]}}