{"id":1467,"date":"2021-06-29T22:22:56","date_gmt":"2021-06-29T21:22:56","guid":{"rendered":"https:\/\/aracsiref.hu\/?page_id=1467"},"modified":"2021-07-31T09:14:59","modified_gmt":"2021-07-31T08:14:59","slug":"adatvedelem","status":"publish","type":"page","link":"https:\/\/aracsiref.hu\/?page_id=1467","title":{"rendered":"Adatv\u00e9delem"},"content":{"rendered":"\n<p><em>Az adatv\u00e9delmi dokumentumok felt\u00f6lt\u00e9se folyamatban van.<\/em><\/p>\n\n\n\n<ul class=\"wp-block-list\"><li><a rel=\"noreferrer noopener\" href=\"https:\/\/aracsiref.hu\/wp-content\/uploads\/2021\/07\/Csillagkert-Adatvedelmi-es-Adatkezelesi-Szabalyzata-20210101.pdf\" data-type=\"URL\" data-id=\"https:\/\/aracsiref.hu\/wp-content\/uploads\/2021\/07\/Csillagkert-Adatvedelmi-es-Adatkezelesi-Szabalyzata-20210101.pdf\" target=\"_blank\"><strong>Adatv\u00e9delmi Szab\u00e1lyzat<\/strong><\/a><\/li><li><strong><a rel=\"noreferrer noopener\" href=\"https:\/\/aracsiref.hu\/wp-content\/uploads\/2021\/07\/Csillagkert-Ref.-Ovoda-Kozerdeku-_adatok-_nyilvantartasi-_Szabalyzata20200101.pdf\" data-type=\"URL\" data-id=\"https:\/\/aracsiref.hu\/wp-content\/uploads\/2021\/07\/Csillagkert-Ref.-Ovoda-Kozerdeku-_adatok-_nyilvantartasi-_Szabalyzata20200101.pdf\" target=\"_blank\">K\u00f6z\u00e9rdek\u0171 adatok nyilv\u00e1ntart\u00e1si Szab\u00e1lyzata<\/a><\/strong><\/li><li><strong><a href=\"https:\/\/aracsiref.hu\/wp-content\/uploads\/2021\/07\/CSillagkert_adatbiztonsagi_szabalyzat-20210101.pdf\" data-type=\"URL\" data-id=\"https:\/\/aracsiref.hu\/wp-content\/uploads\/2021\/07\/CSillagkert_adatbiztonsagi_szabalyzat-20210101.pdf\" target=\"_blank\" rel=\"noreferrer noopener\">Adatbiztons\u00e1gi Szab\u00e1lyzat<\/a><\/strong><\/li><\/ul>\n\n\n\n<p><\/p>\n\n\n\n<ul class=\"wp-block-list\"><li><strong>Adatv\u00e9delmi T\u00e1j\u00e9koztat\u00f3k<\/strong><ul><li><a href=\"https:\/\/aracsiref.hu\/wp-content\/uploads\/2021\/07\/OSZ-01_Adatkezelesi-Tajekoztato-munkavallalok-megbizasi-jogviszonyban-foglalkoztatottak-szemelyes-adatainak-kezeleserol.pdf\" data-type=\"URL\" data-id=\"https:\/\/aracsiref.hu\/wp-content\/uploads\/2021\/07\/OSZ-01_Adatkezelesi-Tajekoztato-munkavallalok-megbizasi-jogviszonyban-foglalkoztatottak-szemelyes-adatainak-kezeleserol.pdf\" target=\"_blank\" rel=\"noreferrer noopener\">OSZ-01_Adatkezel\u00e9si T\u00e1j\u00e9koztat\u00f3 &#8211; munkav\u00e1llal\u00f3k &#8211; megb\u00edz\u00e1si jogviszonyban foglalkoztatottak szem\u00e9lyes adatainak kezel\u00e9s\u00e9r\u0151l<\/a><\/li><li><a href=\"https:\/\/aracsiref.hu\/wp-content\/uploads\/2021\/07\/OSZ-02_Adatkezelesi-tajekoztato-kozeredeku-adatok-kezelese.pdf\" data-type=\"URL\" data-id=\"https:\/\/aracsiref.hu\/wp-content\/uploads\/2021\/07\/OSZ-02_Adatkezelesi-tajekoztato-kozeredeku-adatok-kezelese.pdf\" target=\"_blank\" rel=\"noreferrer noopener\">OSZ-02_Adatkezelesi T\u00e1j\u00e9koztat\u00f3 &#8211; k\u00f6z\u00e9rdek\u0171 adatok kezel\u00e9se<\/a><\/li><li><a href=\"https:\/\/aracsiref.hu\/wp-content\/uploads\/2021\/07\/OSZ-03_Adatkezelesi-tajekoztato-elektronikus-uzenetkuldes-adatkezelese.pdf\" data-type=\"URL\" data-id=\"https:\/\/aracsiref.hu\/wp-content\/uploads\/2021\/07\/OSZ-03_Adatkezelesi-tajekoztato-elektronikus-uzenetkuldes-adatkezelese.pdf\" target=\"_blank\" rel=\"noreferrer noopener\">OSZ-03_Adatkezel\u00e9si T\u00e1j\u00e9koztat\u00f3 &#8211; elektronikus \u00fczenetk\u00fcld\u00e9s adatkezel\u00e9se<\/a><\/li><li><a href=\"https:\/\/aracsiref.hu\/wp-content\/uploads\/2021\/07\/OSZ-04_Adatkezelesi-tajekoztato-jogos-erdekbol-torteno-adatkezeles.pdf\" data-type=\"URL\" data-id=\"https:\/\/aracsiref.hu\/wp-content\/uploads\/2021\/07\/OSZ-04_Adatkezelesi-tajekoztato-jogos-erdekbol-torteno-adatkezeles.pdf\" target=\"_blank\" rel=\"noreferrer noopener\">OSZ-04_Adatkezel\u00e9si T\u00e1j\u00e9koztat\u00f3 &#8211; jogos \u00e9rdekb\u0151l t\u00f6rt\u00e9n\u0151 adatkezel\u00e9s<\/a><\/li><li><a href=\"https:\/\/aracsiref.hu\/wp-content\/uploads\/2021\/07\/OSZ-05_Adatkezelesi-tajekoztato_munkara-jelentkezok-szemelyes-adatok-kezelese.pdf\" data-type=\"URL\" data-id=\"https:\/\/aracsiref.hu\/wp-content\/uploads\/2021\/07\/OSZ-05_Adatkezelesi-tajekoztato_munkara-jelentkezok-szemelyes-adatok-kezelese.pdf\" target=\"_blank\" rel=\"noreferrer noopener\">OSZ-05_Adatkezelesi T\u00e1j\u00e9koztat\u00f3 &#8211; munk\u00e1ra jelentkez\u0151k szem\u00e9lyes adatok kezel\u00e9se<\/a><\/li><li><a href=\"https:\/\/aracsiref.hu\/wp-content\/uploads\/2021\/07\/OSZ-06_Adatkezelesi-tajekoztato_szakmai-feladatok-ellatasara-vonatkozo-adatkezeles.pdf\" data-type=\"URL\" data-id=\"https:\/\/aracsiref.hu\/wp-content\/uploads\/2021\/07\/OSZ-06_Adatkezelesi-tajekoztato_szakmai-feladatok-ellatasara-vonatkozo-adatkezeles.pdf\" target=\"_blank\" rel=\"noreferrer noopener\">OSZ-06_Adatkezelesi T\u00e1j\u00e9koztat\u00f3 &#8211; szakmai feladatok ell\u00e1t\u00e1s\u00e1ra vonatkoz\u00f3 adatkezel\u00e9s<\/a><\/li><li><a href=\"https:\/\/aracsiref.hu\/wp-content\/uploads\/2021\/07\/OSZ-07_Adatkezelesi-tajekoztato_szerzodeshez-kapcsolodo-adatkezeles.pdf\" data-type=\"URL\" data-id=\"https:\/\/aracsiref.hu\/wp-content\/uploads\/2021\/07\/OSZ-07_Adatkezelesi-tajekoztato_szerzodeshez-kapcsolodo-adatkezeles.pdf\" target=\"_blank\" rel=\"noreferrer noopener\">OSZ-07_Adatkezelesi T\u00e1j\u00e9koztat\u00f3 &#8211; szerz\u0151d\u00e9shez kapcsol\u00f3d\u00f3 adatkezel\u00e9s<\/a><\/li><li><a href=\"https:\/\/aracsiref.hu\/wp-content\/uploads\/2021\/07\/OSZ-08_Adatkezelesi-tajekoztato_munkaidonyilvantartas-adatkezeles.pdf\" data-type=\"URL\" data-id=\"https:\/\/aracsiref.hu\/wp-content\/uploads\/2021\/07\/OSZ-08_Adatkezelesi-tajekoztato_munkaidonyilvantartas-adatkezeles.pdf\" target=\"_blank\" rel=\"noreferrer noopener\">OSZ-08_Adatkezelesi T\u00e1j\u00e9koztat\u00f3 &#8211; munkaid\u0151nyilv\u00e1ntart\u00e1s adatkezel\u00e9s<\/a><\/li><li><a href=\"https:\/\/aracsiref.hu\/wp-content\/uploads\/2021\/07\/OSZ-11_Adatkezelesi-tajekoztato_munkavallaloi-jogviszonyban-nem-levo-termeszetes-szemelyek-adatkezelese.pdf\" data-type=\"URL\" data-id=\"https:\/\/aracsiref.hu\/wp-content\/uploads\/2021\/07\/OSZ-11_Adatkezelesi-tajekoztato_munkavallaloi-jogviszonyban-nem-levo-termeszetes-szemelyek-adatkezelese.pdf\" target=\"_blank\" rel=\"noreferrer noopener\">OSZ-11_Adatkezelesi T\u00e1j\u00e9koztat\u00f3 &#8211; munkav\u00e1llal\u00f3i jogviszonyban nem l\u00e9v\u0151 term\u00e9szetes szem\u00e9lyek adatkezel\u00e9se<\/a><\/li><li><a href=\"https:\/\/aracsiref.hu\/wp-content\/uploads\/2021\/07\/OSZ-12_Adatkezelesi-tajekoztato_testhomerseklet.pdf\" data-type=\"URL\" data-id=\"https:\/\/aracsiref.hu\/wp-content\/uploads\/2021\/07\/OSZ-12_Adatkezelesi-tajekoztato_testhomerseklet.pdf\" target=\"_blank\" rel=\"noreferrer noopener\">OSZ-12_Adatkezelesi T\u00e1j\u00e9koztat\u00f3 &#8211; testh\u0151m\u00e9rs\u00e9klet<\/a><\/li><li><a href=\"https:\/\/aracsiref.hu\/wp-content\/uploads\/2021\/07\/OSZ-13_Adatkezelesi-tajekoztato_fenntartoval-fele-torteno-adatkezeles.pdf\" data-type=\"URL\" data-id=\"https:\/\/aracsiref.hu\/wp-content\/uploads\/2021\/07\/OSZ-13_Adatkezelesi-tajekoztato_fenntartoval-fele-torteno-adatkezeles.pdf\" target=\"_blank\" rel=\"noreferrer noopener\">OSZ-13_Adatkezelesi T\u00e1j\u00e9koztat\u00f3 &#8211; fenntart\u00f3 fel\u00e9 t\u00f6rt\u00e9n\u0151 adatkezel\u00e9s<\/a><\/li><li><a href=\"https:\/\/aracsiref.hu\/wp-content\/uploads\/2021\/07\/OSZ-14_Adatkezelesi-tajekoztato_koznevelesi-intezmenyekkel-valo-adategyeztetessel-kapcsolatos-szemelyes-adatokra-vonatkozoan.pdf\" data-type=\"URL\" data-id=\"https:\/\/aracsiref.hu\/wp-content\/uploads\/2021\/07\/OSZ-14_Adatkezelesi-tajekoztato_koznevelesi-intezmenyekkel-valo-adategyeztetessel-kapcsolatos-szemelyes-adatokra-vonatkozoan.pdf\" target=\"_blank\" rel=\"noreferrer noopener\">OSZ-14_Adatkezelesi T\u00e1j\u00e9koztat\u00f3 &#8211; k\u00f6znevel\u00e9si int\u00e9zm\u00e9nyekkel val\u00f3 adategyeztet\u00e9ssel kapcsolatos szem\u00e9lyes adatokra vonatkoz\u00f3 adatkezel\u00e9s<\/a><\/li><\/ul><\/li><\/ul>\n\n\n\n<p><\/p>\n\n\n\n<ul class=\"wp-block-list\"><li><strong>Adatv\u00e9delmi Bizonylatok<\/strong><ul><li><a href=\"https:\/\/aracsiref.hu\/wp-content\/uploads\/2021\/07\/OB-02-Szuloi-belegyezo-nyilatkozat.docx\" data-type=\"URL\" data-id=\"https:\/\/aracsiref.hu\/wp-content\/uploads\/2021\/07\/OB-02-Szuloi-belegyezo-nyilatkozat.docx\" target=\"_blank\" rel=\"noreferrer noopener\">OB-02 Sz\u00fcl\u0151i belegyez\u0151 nyilatkozat<\/a><\/li><li><a href=\"https:\/\/aracsiref.hu\/wp-content\/uploads\/2021\/07\/OB-03-erintett-kerelmek.docx\" data-type=\"URL\" data-id=\"https:\/\/aracsiref.hu\/wp-content\/uploads\/2021\/07\/OB-03-erintett-kerelmek.docx\" target=\"_blank\" rel=\"noreferrer noopener\">OB-03 \u00c9rintett k\u00e9relmek<\/a><\/li><li><a href=\"https:\/\/aracsiref.hu\/wp-content\/uploads\/2021\/07\/OB-15-Szuloi-hozzajarulas-ovodai-pszichologushoz.docx\" data-type=\"URL\" data-id=\"https:\/\/aracsiref.hu\/wp-content\/uploads\/2021\/07\/OB-15-Szuloi-hozzajarulas-ovodai-pszichologushoz.docx\" target=\"_blank\" rel=\"noreferrer noopener\">OB-15 Sz\u00fcl\u0151i hozz\u00e1j\u00e1rul\u00e1s \u00f3vodai pszichol\u00f3gushoz<\/a><\/li><li><a href=\"https:\/\/aracsiref.hu\/wp-content\/uploads\/2021\/07\/OB-16-Nyilatkozat_elektronikus_cimrol.docx\" data-type=\"URL\" data-id=\"https:\/\/aracsiref.hu\/wp-content\/uploads\/2021\/07\/OB-16-Nyilatkozat_elektronikus_cimrol.docx\" target=\"_blank\" rel=\"noreferrer noopener\">OB-16 Nyilatkozat elektronikus c\u00edmr\u0151l<\/a><\/li><li><a href=\"https:\/\/aracsiref.hu\/wp-content\/uploads\/2021\/07\/OB-17-Cafeteria_kereten_beluli_etkezetetes_dokumentumai.docx\" data-type=\"URL\" data-id=\"https:\/\/aracsiref.hu\/wp-content\/uploads\/2021\/07\/OB-17-Cafeteria_kereten_beluli_etkezetetes_dokumentumai.docx\" target=\"_blank\" rel=\"noreferrer noopener\">OB-17 Cafeteria kereten bel\u00fcli \u00e9tkezetet\u00e9s dokumentumai<\/a><\/li><\/ul><\/li><\/ul>\n\n\n\n<p><\/p>\n","protected":false},"excerpt":{"rendered":"<p>Az adatv\u00e9delmi dokumentumok felt\u00f6lt\u00e9se folyamatban van. Adatv\u00e9delmi Szab\u00e1lyzat K\u00f6z\u00e9rdek\u0171 adatok nyilv\u00e1ntart\u00e1si Szab\u00e1lyzata Adatbiztons\u00e1gi Szab\u00e1lyzat Adatv\u00e9delmi T\u00e1j\u00e9koztat\u00f3k OSZ-01_Adatkezel\u00e9si T\u00e1j\u00e9koztat\u00f3 &#8211; munkav\u00e1llal\u00f3k &#8211; megb\u00edz\u00e1si jogviszonyban foglalkoztatottak szem\u00e9lyes adatainak kezel\u00e9s\u00e9r\u0151l OSZ-02_Adatkezelesi T\u00e1j\u00e9koztat\u00f3 &#8211; k\u00f6z\u00e9rdek\u0171 adatok kezel\u00e9se OSZ-03_Adatkezel\u00e9si T\u00e1j\u00e9koztat\u00f3 &#8211; elektronikus \u00fczenetk\u00fcld\u00e9s adatkezel\u00e9se OSZ-04_Adatkezel\u00e9si T\u00e1j\u00e9koztat\u00f3 &#8211; jogos \u00e9rdekb\u0151l t\u00f6rt\u00e9n\u0151 adatkezel\u00e9s OSZ-05_Adatkezelesi T\u00e1j\u00e9koztat\u00f3 &#8211; munk\u00e1ra jelentkez\u0151k szem\u00e9lyes adatok kezel\u00e9se OSZ-06_Adatkezelesi&#8230; <\/p>\n","protected":false},"author":2,"featured_media":0,"parent":46,"menu_order":100,"comment_status":"closed","ping_status":"closed","template":"","meta":{"_monsterinsights_skip_tracking":false,"_monsterinsights_sitenote_active":false,"_monsterinsights_sitenote_note":"","_monsterinsights_sitenote_category":0,"footnotes":""},"class_list":["post-1467","page","type-page","status-publish","hentry"],"aioseo_notices":[],"_links":{"self":[{"href":"https:\/\/aracsiref.hu\/index.php?rest_route=\/wp\/v2\/pages\/1467","targetHints":{"allow":["GET"]}}],"collection":[{"href":"https:\/\/aracsiref.hu\/index.php?rest_route=\/wp\/v2\/pages"}],"about":[{"href":"https:\/\/aracsiref.hu\/index.php?rest_route=\/wp\/v2\/types\/page"}],"author":[{"embeddable":true,"href":"https:\/\/aracsiref.hu\/index.php?rest_route=\/wp\/v2\/users\/2"}],"replies":[{"embeddable":true,"href":"https:\/\/aracsiref.hu\/index.php?rest_route=%2Fwp%2Fv2%2Fcomments&post=1467"}],"version-history":[{"count":13,"href":"https:\/\/aracsiref.hu\/index.php?rest_route=\/wp\/v2\/pages\/1467\/revisions"}],"predecessor-version":[{"id":1507,"href":"https:\/\/aracsiref.hu\/index.php?rest_route=\/wp\/v2\/pages\/1467\/revisions\/1507"}],"up":[{"embeddable":true,"href":"https:\/\/aracsiref.hu\/index.php?rest_route=\/wp\/v2\/pages\/46"}],"wp:attachment":[{"href":"https:\/\/aracsiref.hu\/index.php?rest_route=%2Fwp%2Fv2%2Fmedia&parent=1467"}],"curies":[{"name":"wp","href":"https:\/\/api.w.org\/{rel}","templated":true}]}}