{"id":1152,"date":"2020-10-20T21:52:41","date_gmt":"2020-10-20T20:52:41","guid":{"rendered":"https:\/\/aracsiref.hu\/?page_id=1152"},"modified":"2020-10-25T19:27:18","modified_gmt":"2020-10-25T18:27:18","slug":"1152-2","status":"publish","type":"page","link":"https:\/\/aracsiref.hu\/?page_id=1152","title":{"rendered":"Kor\u00e1bbi \u00e9vek k\u00e9pei"},"content":{"rendered":"\n<p><em>(Ha esetleg nem jelennek meg a k\u00e9pek, friss\u00edtse az oldalt az F5 gombbal!)<\/em><\/p>\n\n\n<div class=\"sgdg-gallery-container\" data-sgdg-hash=\"14d5c246f19ec970bc1dc5d7f8eb12c85c96885dd39ff22bcd158d68d435fb2a\"><div class=\"sgdg-loading\"><div><\/div><\/div><\/div>","protected":false},"excerpt":{"rendered":"<p>(Ha esetleg nem jelennek meg a k\u00e9pek, friss\u00edtse az oldalt az F5 gombbal!)<\/p>\n","protected":false},"author":2,"featured_media":0,"parent":564,"menu_order":0,"comment_status":"closed","ping_status":"closed","template":"","meta":{"_monsterinsights_skip_tracking":false,"_monsterinsights_sitenote_active":false,"_monsterinsights_sitenote_note":"","_monsterinsights_sitenote_category":0,"footnotes":""},"class_list":["post-1152","page","type-page","status-publish","hentry"],"aioseo_notices":[],"_links":{"self":[{"href":"https:\/\/aracsiref.hu\/index.php?rest_route=\/wp\/v2\/pages\/1152","targetHints":{"allow":["GET"]}}],"collection":[{"href":"https:\/\/aracsiref.hu\/index.php?rest_route=\/wp\/v2\/pages"}],"about":[{"href":"https:\/\/aracsiref.hu\/index.php?rest_route=\/wp\/v2\/types\/page"}],"author":[{"embeddable":true,"href":"https:\/\/aracsiref.hu\/index.php?rest_route=\/wp\/v2\/users\/2"}],"replies":[{"embeddable":true,"href":"https:\/\/aracsiref.hu\/index.php?rest_route=%2Fwp%2Fv2%2Fcomments&post=1152"}],"version-history":[{"count":9,"href":"https:\/\/aracsiref.hu\/index.php?rest_route=\/wp\/v2\/pages\/1152\/revisions"}],"predecessor-version":[{"id":1971,"href":"https:\/\/aracsiref.hu\/index.php?rest_route=\/wp\/v2\/pages\/1152\/revisions\/1971"}],"up":[{"embeddable":true,"href":"https:\/\/aracsiref.hu\/index.php?rest_route=\/wp\/v2\/pages\/564"}],"wp:attachment":[{"href":"https:\/\/aracsiref.hu\/index.php?rest_route=%2Fwp%2Fv2%2Fmedia&parent=1152"}],"curies":[{"name":"wp","href":"https:\/\/api.w.org\/{rel}","templated":true}]}}