{"id":1051,"date":"2020-07-19T22:40:06","date_gmt":"2020-07-19T21:40:06","guid":{"rendered":"https:\/\/aracsiref.hu\/?page_id=1051"},"modified":"2020-11-11T08:50:27","modified_gmt":"2020-11-11T07:50:27","slug":"videok","status":"publish","type":"page","link":"https:\/\/aracsiref.hu\/?page_id=1051","title":{"rendered":"Vide\u00f3k"},"content":{"rendered":"\n<p>Az igehirdet\u00e9sek\u00a0<strong>vide\u00f3 felv\u00e9telei<\/strong>\u00a0<a rel=\"noreferrer noopener\" href=\"https:\/\/docs.google.com\/document\/d\/1PWJZt7Tz5bAViXWFR230USaqpTFXcptVqVW5QI3vr-s\/edit?usp=sharing\" target=\"_blank\">ide kattintva<\/a>\u00a0tekinthet\u0151k meg.<\/p>\n\n\n\n<hr class=\"wp-block-separator\"\/>\n\n\n\n<p><a href=\"https:\/\/photos.app.goo.gl\/8zr1E4gHFP82QNT97\">181214_Csillagkert \u00f3voda Kar\u00e1csonyi m\u0171sor_vide\u00f3<\/a><\/p>\n\n\n\n<p><\/p>\n","protected":false},"excerpt":{"rendered":"<p>Az igehirdet\u00e9sek\u00a0vide\u00f3 felv\u00e9telei\u00a0ide kattintva\u00a0tekinthet\u0151k meg. 181214_Csillagkert \u00f3voda Kar\u00e1csonyi m\u0171sor_vide\u00f3<\/p>\n","protected":false},"author":2,"featured_media":0,"parent":564,"menu_order":0,"comment_status":"closed","ping_status":"closed","template":"","meta":{"_monsterinsights_skip_tracking":false,"_monsterinsights_sitenote_active":false,"_monsterinsights_sitenote_note":"","_monsterinsights_sitenote_category":0,"footnotes":""},"class_list":["post-1051","page","type-page","status-publish","hentry"],"aioseo_notices":[],"_links":{"self":[{"href":"https:\/\/aracsiref.hu\/index.php?rest_route=\/wp\/v2\/pages\/1051","targetHints":{"allow":["GET"]}}],"collection":[{"href":"https:\/\/aracsiref.hu\/index.php?rest_route=\/wp\/v2\/pages"}],"about":[{"href":"https:\/\/aracsiref.hu\/index.php?rest_route=\/wp\/v2\/types\/page"}],"author":[{"embeddable":true,"href":"https:\/\/aracsiref.hu\/index.php?rest_route=\/wp\/v2\/users\/2"}],"replies":[{"embeddable":true,"href":"https:\/\/aracsiref.hu\/index.php?rest_route=%2Fwp%2Fv2%2Fcomments&post=1051"}],"version-history":[{"count":3,"href":"https:\/\/aracsiref.hu\/index.php?rest_route=\/wp\/v2\/pages\/1051\/revisions"}],"predecessor-version":[{"id":1224,"href":"https:\/\/aracsiref.hu\/index.php?rest_route=\/wp\/v2\/pages\/1051\/revisions\/1224"}],"up":[{"embeddable":true,"href":"https:\/\/aracsiref.hu\/index.php?rest_route=\/wp\/v2\/pages\/564"}],"wp:attachment":[{"href":"https:\/\/aracsiref.hu\/index.php?rest_route=%2Fwp%2Fv2%2Fmedia&parent=1051"}],"curies":[{"name":"wp","href":"https:\/\/api.w.org\/{rel}","templated":true}]}}